{"id":8719,"date":"2022-08-16T09:26:18","date_gmt":"2022-08-16T09:26:18","guid":{"rendered":"https:\/\/www.leushko.sk\/ocami-matky\/"},"modified":"2023-02-02T18:20:27","modified_gmt":"2023-02-02T18:20:27","slug":"attraverso-gli-occhi-della-mamma","status":"publish","type":"page","link":"https:\/\/www.leushko.sk\/it\/attraverso-gli-occhi-della-mamma\/","title":{"rendered":"Attraverso gli occhi della mamma"},"content":{"rendered":"<section class=\"wpb-content-wrapper\"><p>[vc_row el_id=&#8221;my_world&#8221; mobile_bg_img_hidden=&#8221;no&#8221; tablet_bg_img_hidden=&#8221;no&#8221; woodmart_parallax=&#8221;0&#8243; woodmart_gradient_switch=&#8221;no&#8221; row_reverse_mobile=&#8221;0&#8243; row_reverse_tablet=&#8221;0&#8243; woodmart_disable_overflow=&#8221;0&#8243; css=&#8221;.vc_custom_1671615918917{padding-top: 120px !important;padding-bottom: 80px !important;}&#8221; el_class=&#8221;ocami-rodica&#8221;][vc_column width=&#8221;1\/2&#8243;]\t\t\t<div id=\"wd-63dbfe9922550\" class=\"wd-text-block-wrapper wd-wpb wd-rs-63dbfe9922550 color-scheme-custom text-left vc_custom_1675361951543 gluten-font\">\n\t\t\t\t<div class=\"woodmart-title-container woodmart-text-block reset-last-child font-primary wd-font-weight-400 \">\n\t\t\t\t\tAttraverso gli occhi della mamma\t\t\t\t<\/div>\n\n\t\t\t\t\t\t\t<\/div>\n\t\t\t\t\t<div id=\"wd-63dbfea2529b0\" class=\"wd-text-block-wrapper wd-wpb wd-rs-63dbfea2529b0 color-scheme-custom text-left vc_custom_1675361958497\">\n\t\t\t\t<div class=\"woodmart-title-container woodmart-text-block reset-last-child font-primary wd-font-weight-400 \">\n\t\t\t\t\tCome ogni donna, anch\u00b4io volevo diventare madre. Mio marito ed io sognavamo di avere un figlio e, dopo di aver fatto un test di gravidanza, questo desiderio si \u00e8 avverato. Non vedevamo l&#8217;ora che arrivasse il nostro bambino.\t\t\t\t<\/div>\n\n\t\t\t\t\t\t\t<\/div>\n\t\t<div id=\"wd-63dbfea92d23f\" class=\" wd-rs-63dbfea92d23f  wd-button-wrapper text-center inline-element\"><a href=\"https:\/\/www.leushko.sk\/it\/aiutare\/\" title=\"Aiutare\" class=\"btn btn-scheme-light btn-scheme-hover-light btn-style-bordered btn-style-round btn-size-extra-large blue-btn\">Fornire assistenza<\/a><\/div>\t\t\t<div id=\"wd-63dbfeb47feb9\" class=\"wd-text-block-wrapper wd-wpb wd-rs-63dbfeb47feb9 color-scheme-custom text-left vc_custom_1675361982888\">\n\t\t\t\t<div class=\"woodmart-title-container woodmart-text-block reset-last-child font-primary wd-font-weight-400 \">\n\t\t\t\t\tLa prima cosa che ho fatto \u00e8 stata quella di confermare la mia gravidanza da un ginecologo a Trnava. Ho completato responsabilmente tutti gli esami obbligatori, screening, analisi del sangue ed ecografie. Ho pagato un esame ecografico extra, che non era coperto dalla compagnia assicurativa, poich\u00e9 volevo assicurarmi che il bambino stesse bene cos\u00ec come mi \u00e8 stato interpretato per tutto il tempo. Ho avuto la risposta che \u00e8 un ragazzo bello e sano. Ho anche fatto tutti gli esami del sangue e del diabete, ed erano in ordine.\t\t\t\t<\/div>\n\n\t\t\t\t\t\t\t<\/div>\n\t\t[\/vc_column][vc_column width=&#8221;1\/2&#8243;][vc_single_image image=&#8221;8480&#8243; img_size=&#8221;full&#8221; alignment=&#8221;right&#8221; woodmart_inline=&#8221;no&#8221; parallax_scroll=&#8221;no&#8221;][\/vc_column][\/vc_row][vc_row mobile_bg_img_hidden=&#8221;no&#8221; tablet_bg_img_hidden=&#8221;no&#8221; woodmart_parallax=&#8221;0&#8243; woodmart_gradient_switch=&#8221;no&#8221; row_reverse_mobile=&#8221;1&#8243; row_reverse_tablet=&#8221;0&#8243; woodmart_disable_overflow=&#8221;0&#8243; css=&#8221;.vc_custom_1671615938389{padding-bottom: 40px !important;}&#8221; el_class=&#8221;ocami-rodicov&#8221;][vc_column width=&#8221;1\/2&#8243;][vc_single_image image=&#8221;8481&#8243; img_size=&#8221;full&#8221; alignment=&#8221;right&#8221; woodmart_inline=&#8221;no&#8221; parallax_scroll=&#8221;no&#8221;][\/vc_column][vc_column width=&#8221;1\/2&#8243;]\t\t\t<div id=\"wd-63dbfec221242\" class=\"wd-text-block-wrapper wd-wpb wd-rs-63dbfec221242 color-scheme-custom text-left vc_custom_1675361997353\">\n\t\t\t\t<div class=\"woodmart-title-container woodmart-text-block reset-last-child font-primary wd-font-weight-400 \">\n\t\t\t\t\tQuindi mi sono goduta la gravidanza, perch\u00e9 non avevo problemi e non vedevo l&#8217;ora che arrivasse il bambino. Il giorno &#8220;D&#8221; \u00e8 arrivato ed io ho capito che il bimbo \u00e9 pronto per essere portato al mondo. Mio marito mi ha quindi portato all&#8217;ospedale universitario Ru\u017einov di Bratislava, dove mi hanno tenuto pre l\u00b4osservazione, poich\u00e9 il travaglio stava lentamente iniziando. Il &#8220;climax&#8221; principale \u00e8 arrivato al mattino, quando il medico dell&#8217;ospedale di Ru\u017einov mi ha informato che il bambino sarebbe nato in un attimo e il mio marito sarebbe potuto venire ad accompagnarmi durante il parto. Il bambino si \u00e8 messo in mezzo a noi, ma io, con la paura negli occhi e nella voce, ho chiesto al dottore cosa stesse succedendo, dato che non avevo sentito il bambino piangere. Il dottore mi ha rassicurato che sarebbe andato tutto bene e che presto avrei visto il bambino.\t\t\t\t<\/div>\n\n\t\t\t\t\t\t\t<\/div>\n\t\t[\/vc_column][\/vc_row][vc_row mobile_bg_img_hidden=&#8221;no&#8221; tablet_bg_img_hidden=&#8221;no&#8221; woodmart_parallax=&#8221;0&#8243; woodmart_gradient_switch=&#8221;no&#8221; row_reverse_mobile=&#8221;0&#8243; row_reverse_tablet=&#8221;0&#8243; woodmart_disable_overflow=&#8221;0&#8243; css=&#8221;.vc_custom_1671615951203{padding-bottom: 80px !important;}&#8221; el_class=&#8221;ocami-rodicov&#8221;][vc_column width=&#8221;1\/2&#8243; mobile_bg_img_hidden=&#8221;no&#8221; tablet_bg_img_hidden=&#8221;no&#8221; woodmart_parallax=&#8221;0&#8243; woodmart_sticky_column=&#8221;false&#8221; el_class=&#8221;ocami-matky-bigger-padding&#8221; parallax_scroll=&#8221;no&#8221; mobile_reset_margin=&#8221;no&#8221; tablet_reset_margin=&#8221;no&#8221;]\t\t\t<div id=\"wd-63dbfed09d9be\" class=\"wd-text-block-wrapper wd-wpb wd-rs-63dbfed09d9be color-scheme-custom text-left vc_custom_1675362018195\">\n\t\t\t\t<div class=\"woodmart-title-container woodmart-text-block reset-last-child font-primary wd-font-weight-400 \">\n\t\t\t\t\tTuttavia, mi ha informato che il mio piccolo Leo non ha la gamba destra sviluppata dalla parte del sotto ginocchio. Emozioni di felicit\u00e0 si alternavano con le emozioni di paura per il mio bambino.<\/p>\n<p>Dopo il nostro rilascio dal reparto maternit\u00e0, io e mio marito non vedevamo l&#8217;ora di tornare a casa per assumere il ruolo di genitori, godendoci il nostro piccolo, nonostante avessimo molti altri esami davanti a noi. Man mano che Leo cresce, vedo in lui un ragazzo forte e bello che ha la voglia di combattere e supera tutti gli esami con il sorriso sulle labbra. Anche se non so ancora quando il mio bambino camminer\u00e0, spero che sar\u00e0 presto e ci godremo i suoi primi passi. Ecco perch\u00e9 lo amo di pi\u00f9 al mondo. \u2764\t\t\t\t<\/div>\n\n\t\t\t\t\t\t\t<\/div>\n\t\t[\/vc_column][vc_column width=&#8221;1\/2&#8243;][vc_single_image image=&#8221;8482&#8243; img_size=&#8221;full&#8221; alignment=&#8221;right&#8221; woodmart_inline=&#8221;no&#8221; parallax_scroll=&#8221;no&#8221;][\/vc_column][\/vc_row]<\/p>\n<\/section>","protected":false},"excerpt":{"rendered":"<p>[vc_row el_id=&#8221;my_world&#8221; mobile_bg_img_hidden=&#8221;no&#8221; tablet_bg_img_hidden=&#8221;no&#8221; woodmart_parallax=&#8221;0&#8243; woodmart_gradient_switch=&#8221;no&#8221; row_reverse_mobile=&#8221;0&#8243; row_reverse_tablet=&#8221;0&#8243; woodmart_disable_overflow=&#8221;0&#8243; css=&#8221;.vc_custom_1671615918917{padding-top: 120px !important;padding-bottom: 80px !important;}&#8221; el_class=&#8221;ocami-rodica&#8221;][vc_column width=&#8221;1\/2&#8243;][\/vc_column][vc_column width=&#8221;1\/2&#8243;][vc_single_image image=&#8221;8480&#8243; img_size=&#8221;full&#8221; alignment=&#8221;right&#8221;<\/p>\n","protected":false},"author":1,"featured_media":0,"parent":0,"menu_order":0,"comment_status":"closed","ping_status":"closed","template":"","meta":[],"yoast_head":"<!-- This site is optimized with the Yoast SEO plugin v19.13 - https:\/\/yoast.com\/wordpress\/plugins\/seo\/ -->\n<title>Attraverso gli occhi della mamma - Leushko<\/title>\n<meta name=\"robots\" content=\"index, follow, max-snippet:-1, max-image-preview:large, max-video-preview:-1\" \/>\n<link rel=\"canonical\" href=\"https:\/\/www.leushko.sk\/it\/attraverso-gli-occhi-della-mamma\/\" \/>\n<meta property=\"og:locale\" content=\"it_IT\" \/>\n<meta property=\"og:type\" content=\"article\" \/>\n<meta property=\"og:title\" content=\"Attraverso gli occhi della mamma - Leushko\" \/>\n<meta property=\"og:description\" content=\"[vc_row el_id=&#8221;my_world&#8221; mobile_bg_img_hidden=&#8221;no&#8221; tablet_bg_img_hidden=&#8221;no&#8221; woodmart_parallax=&#8221;0&#8243; woodmart_gradient_switch=&#8221;no&#8221; row_reverse_mobile=&#8221;0&#8243; row_reverse_tablet=&#8221;0&#8243; woodmart_disable_overflow=&#8221;0&#8243; css=&#8221;.vc_custom_1671615918917{padding-top: 120px !important;padding-bottom: 80px !important;}&#8221; el_class=&#8221;ocami-rodica&#8221;][vc_column width=&#8221;1\/2&#8243;][\/vc_column][vc_column width=&#8221;1\/2&#8243;][vc_single_image image=&#8221;8480&#8243; img_size=&#8221;full&#8221; alignment=&#8221;right&#8221;\" \/>\n<meta property=\"og:url\" content=\"https:\/\/www.leushko.sk\/it\/attraverso-gli-occhi-della-mamma\/\" \/>\n<meta property=\"og:site_name\" content=\"Leushko\" \/>\n<meta property=\"article:modified_time\" content=\"2023-02-02T18:20:27+00:00\" \/>\n<meta name=\"twitter:card\" content=\"summary_large_image\" \/>\n<meta name=\"twitter:label1\" content=\"Tempo di lettura stimato\" \/>\n\t<meta name=\"twitter:data1\" content=\"4 minuti\" \/>\n<script type=\"application\/ld+json\" class=\"yoast-schema-graph\">{\"@context\":\"https:\/\/schema.org\",\"@graph\":[{\"@type\":\"WebPage\",\"@id\":\"https:\/\/www.leushko.sk\/it\/attraverso-gli-occhi-della-mamma\/\",\"url\":\"https:\/\/www.leushko.sk\/it\/attraverso-gli-occhi-della-mamma\/\",\"name\":\"Attraverso gli occhi della mamma - Leushko\",\"isPartOf\":{\"@id\":\"https:\/\/www.leushko.sk\/#website\"},\"datePublished\":\"2022-08-16T09:26:18+00:00\",\"dateModified\":\"2023-02-02T18:20:27+00:00\",\"breadcrumb\":{\"@id\":\"https:\/\/www.leushko.sk\/it\/attraverso-gli-occhi-della-mamma\/#breadcrumb\"},\"inLanguage\":\"it-IT\",\"potentialAction\":[{\"@type\":\"ReadAction\",\"target\":[\"https:\/\/www.leushko.sk\/it\/attraverso-gli-occhi-della-mamma\/\"]}]},{\"@type\":\"BreadcrumbList\",\"@id\":\"https:\/\/www.leushko.sk\/it\/attraverso-gli-occhi-della-mamma\/#breadcrumb\",\"itemListElement\":[{\"@type\":\"ListItem\",\"position\":1,\"name\":\"Domovsk\u00e1 str\u00e1nka\",\"item\":\"https:\/\/www.leushko.sk\/it\/\"},{\"@type\":\"ListItem\",\"position\":2,\"name\":\"Attraverso gli occhi della mamma\"}]},{\"@type\":\"WebSite\",\"@id\":\"https:\/\/www.leushko.sk\/#website\",\"url\":\"https:\/\/www.leushko.sk\/\",\"name\":\"Leushko\",\"description\":\"Just another WordPress site\",\"potentialAction\":[{\"@type\":\"SearchAction\",\"target\":{\"@type\":\"EntryPoint\",\"urlTemplate\":\"https:\/\/www.leushko.sk\/?s={search_term_string}\"},\"query-input\":\"required name=search_term_string\"}],\"inLanguage\":\"it-IT\"}]}<\/script>\n<!-- \/ Yoast SEO plugin. -->","yoast_head_json":{"title":"Attraverso gli occhi della mamma - Leushko","robots":{"index":"index","follow":"follow","max-snippet":"max-snippet:-1","max-image-preview":"max-image-preview:large","max-video-preview":"max-video-preview:-1"},"canonical":"https:\/\/www.leushko.sk\/it\/attraverso-gli-occhi-della-mamma\/","og_locale":"it_IT","og_type":"article","og_title":"Attraverso gli occhi della mamma - Leushko","og_description":"[vc_row el_id=&#8221;my_world&#8221; mobile_bg_img_hidden=&#8221;no&#8221; tablet_bg_img_hidden=&#8221;no&#8221; woodmart_parallax=&#8221;0&#8243; woodmart_gradient_switch=&#8221;no&#8221; row_reverse_mobile=&#8221;0&#8243; row_reverse_tablet=&#8221;0&#8243; woodmart_disable_overflow=&#8221;0&#8243; css=&#8221;.vc_custom_1671615918917{padding-top: 120px !important;padding-bottom: 80px !important;}&#8221; el_class=&#8221;ocami-rodica&#8221;][vc_column width=&#8221;1\/2&#8243;][\/vc_column][vc_column width=&#8221;1\/2&#8243;][vc_single_image image=&#8221;8480&#8243; img_size=&#8221;full&#8221; alignment=&#8221;right&#8221;","og_url":"https:\/\/www.leushko.sk\/it\/attraverso-gli-occhi-della-mamma\/","og_site_name":"Leushko","article_modified_time":"2023-02-02T18:20:27+00:00","twitter_card":"summary_large_image","twitter_misc":{"Tempo di lettura stimato":"4 minuti"},"schema":{"@context":"https:\/\/schema.org","@graph":[{"@type":"WebPage","@id":"https:\/\/www.leushko.sk\/it\/attraverso-gli-occhi-della-mamma\/","url":"https:\/\/www.leushko.sk\/it\/attraverso-gli-occhi-della-mamma\/","name":"Attraverso gli occhi della mamma - Leushko","isPartOf":{"@id":"https:\/\/www.leushko.sk\/#website"},"datePublished":"2022-08-16T09:26:18+00:00","dateModified":"2023-02-02T18:20:27+00:00","breadcrumb":{"@id":"https:\/\/www.leushko.sk\/it\/attraverso-gli-occhi-della-mamma\/#breadcrumb"},"inLanguage":"it-IT","potentialAction":[{"@type":"ReadAction","target":["https:\/\/www.leushko.sk\/it\/attraverso-gli-occhi-della-mamma\/"]}]},{"@type":"BreadcrumbList","@id":"https:\/\/www.leushko.sk\/it\/attraverso-gli-occhi-della-mamma\/#breadcrumb","itemListElement":[{"@type":"ListItem","position":1,"name":"Domovsk\u00e1 str\u00e1nka","item":"https:\/\/www.leushko.sk\/it\/"},{"@type":"ListItem","position":2,"name":"Attraverso gli occhi della mamma"}]},{"@type":"WebSite","@id":"https:\/\/www.leushko.sk\/#website","url":"https:\/\/www.leushko.sk\/","name":"Leushko","description":"Just another WordPress site","potentialAction":[{"@type":"SearchAction","target":{"@type":"EntryPoint","urlTemplate":"https:\/\/www.leushko.sk\/?s={search_term_string}"},"query-input":"required name=search_term_string"}],"inLanguage":"it-IT"}]}},"_links":{"self":[{"href":"https:\/\/www.leushko.sk\/it\/wp-json\/wp\/v2\/pages\/8719"}],"collection":[{"href":"https:\/\/www.leushko.sk\/it\/wp-json\/wp\/v2\/pages"}],"about":[{"href":"https:\/\/www.leushko.sk\/it\/wp-json\/wp\/v2\/types\/page"}],"author":[{"embeddable":true,"href":"https:\/\/www.leushko.sk\/it\/wp-json\/wp\/v2\/users\/1"}],"replies":[{"embeddable":true,"href":"https:\/\/www.leushko.sk\/it\/wp-json\/wp\/v2\/comments?post=8719"}],"version-history":[{"count":3,"href":"https:\/\/www.leushko.sk\/it\/wp-json\/wp\/v2\/pages\/8719\/revisions"}],"predecessor-version":[{"id":8938,"href":"https:\/\/www.leushko.sk\/it\/wp-json\/wp\/v2\/pages\/8719\/revisions\/8938"}],"wp:attachment":[{"href":"https:\/\/www.leushko.sk\/it\/wp-json\/wp\/v2\/media?parent=8719"}],"curies":[{"name":"wp","href":"https:\/\/api.w.org\/{rel}","templated":true}]}}