{"id":8713,"date":"2022-12-21T09:47:11","date_gmt":"2022-12-21T09:47:11","guid":{"rendered":"https:\/\/www.leushko.sk\/leov-pribeh\/"},"modified":"2023-02-02T18:18:47","modified_gmt":"2023-02-02T18:18:47","slug":"la-storia-di-leo","status":"publish","type":"page","link":"https:\/\/www.leushko.sk\/it\/la-storia-di-leo\/","title":{"rendered":"La storia di Leo"},"content":{"rendered":"<section class=\"wpb-content-wrapper\"><p>[vc_row el_id=&#8221;my_world&#8221; mobile_bg_img_hidden=&#8221;no&#8221; tablet_bg_img_hidden=&#8221;no&#8221; woodmart_parallax=&#8221;0&#8243; woodmart_gradient_switch=&#8221;no&#8221; row_reverse_mobile=&#8221;0&#8243; row_reverse_tablet=&#8221;0&#8243; woodmart_disable_overflow=&#8221;0&#8243; css=&#8221;.vc_custom_1660645211722{padding-top: 120px !important;padding-bottom: 80px !important;}&#8221; el_class=&#8221;ocami-rodica&#8221;][vc_column width=&#8221;1\/2&#8243;]\t\t\t<div id=\"wd-63dbfda006cbe\" class=\"wd-text-block-wrapper wd-wpb wd-rs-63dbfda006cbe color-scheme-custom text-left vc_custom_1675361700784 gluten-font\">\n\t\t\t\t<div class=\"woodmart-title-container woodmart-text-block reset-last-child font-primary wd-font-weight-400 \">\n\t\t\t\t\tLa mia storia\t\t\t\t<\/div>\n\n\t\t\t\t\t\t\t<\/div>\n\t\t\t\t\t<div id=\"wd-63dbfda7d65ba\" class=\"wd-text-block-wrapper wd-wpb wd-rs-63dbfda7d65ba color-scheme-custom text-left vc_custom_1675361736514\">\n\t\t\t\t<div class=\"woodmart-title-container woodmart-text-block reset-last-child font-primary wd-font-weight-400 \">\n\t\t\t\t\tMi chiamo Leo e sono nato in questo mondo bellissimo e interessante il 23 agosto 2021. Imiei genitori dicono che sono il bambino pi\u00f9 straordinario del mondo, ma ho anche sentito, nel parco giochi e nel passeggino, che tutti noi bimbi siamo fantastici per la nostra famiglia e per il mondo intero. Solo mia mamma \u00e8 turbata dal fatto che io non sia venuto al mondo in condizioni di salute al cento per cento. Non so ancora cosa sia questa cosa che chiamano \u201ela condizione\u201c, ve lo potrebbero raccontare i miei genitori, con la mia eterna insonnia, forse causata dalle visite di tante persone che mi guardano e consigliano a mio pap\u00e0 e mia mamma come esercitare con me. I dottori stessi non conoscono esattamente la vera causa del mio stato di salute. Gli adulti lo chiamano un difetto congenito dello sviluppo. Cari bambini, ma come ho detto all&#8217;inizio ognuno di noi \u00e8 speciale\/eccezionale.\t\t\t\t<\/div>\n\n\t\t\t\t\t\t\t<\/div>\n\t\t<div id=\"wd-63dbfdcb695dc\" class=\" wd-rs-63dbfdcb695dc  wd-button-wrapper text-center inline-element\"><a href=\"https:\/\/www.leushko.sk\/it\/aiutare\/\" title=\"Aiutare\" class=\"btn btn-scheme-light btn-scheme-hover-light btn-style-bordered btn-style-round btn-size-extra-large blue-btn\">Fornire assistenza<\/a><\/div>\t\t\t<div id=\"wd-63dbfdd953818\" class=\"wd-text-block-wrapper wd-wpb wd-rs-63dbfdd953818 color-scheme-custom text-left vc_custom_1675361757966\">\n\t\t\t\t<div class=\"woodmart-title-container woodmart-text-block reset-last-child font-primary wd-font-weight-400 \">\n\t\t\t\t\tTutto quello che so \u00e8 che mi manca gran parte della mia gambina destra e pap\u00e0 dice che mi devo esercitare molto per non trascurare nulla, mia mamma si prende cura di me, lei stessa\u00a0 non lo sapeva fino a quando l&#8217;ultimo giorno in cui sarei nato cos\u00ec &#8211; speciale. I dottori le dicevano ad ogni controllo che va tutto bene e le mie misure sono ideali, e forse no, penser\u00f2 a qualcosa, lascia che i miei genitori siano di nuovo felici con me \ud83d\ude0a\t\t\t\t<\/div>\n\n\t\t\t\t\t\t\t<\/div>\n\t\t[\/vc_column][vc_column width=&#8221;1\/2&#8243;][vc_single_image image=&#8221;8480&#8243; img_size=&#8221;full&#8221; alignment=&#8221;right&#8221; woodmart_inline=&#8221;no&#8221; parallax_scroll=&#8221;no&#8221;][\/vc_column][\/vc_row][vc_row mobile_bg_img_hidden=&#8221;no&#8221; tablet_bg_img_hidden=&#8221;no&#8221; woodmart_parallax=&#8221;0&#8243; woodmart_gradient_switch=&#8221;no&#8221; row_reverse_mobile=&#8221;1&#8243; row_reverse_tablet=&#8221;0&#8243; woodmart_disable_overflow=&#8221;0&#8243; css=&#8221;.vc_custom_1660646154520{padding-bottom: 40px !important;}&#8221; el_class=&#8221;ocami-rodicov&#8221;][vc_column width=&#8221;1\/2&#8243;][vc_single_image image=&#8221;8481&#8243; img_size=&#8221;full&#8221; alignment=&#8221;right&#8221; woodmart_inline=&#8221;no&#8221; parallax_scroll=&#8221;no&#8221;][\/vc_column][vc_column width=&#8221;1\/2&#8243;]\t\t\t<div id=\"wd-63dbfe571a870\" class=\"wd-text-block-wrapper wd-wpb wd-rs-63dbfe571a870 color-scheme-custom text-left vc_custom_1675361890729\">\n\t\t\t\t<div class=\"woodmart-title-container woodmart-text-block reset-last-child font-primary wd-font-weight-400 \">\n\t\t\t\t\tIl giorno della mia nascita hanno anche sentito per la prima volta il termine di focomelia, in seguito mi \u00e8 stata diagnosticata l&#8217;emimelia fibulare, che all&#8217;estero \u00e8 diventata emimelia tibiale. Tutto questo deve essere confermato da un&#8217;altra risonanza magnetica, che \u00e8 accompagnata da interminabili visite a vari zii e zie, medici e riabilitazione. Chiedi magari, dove prendo il padroneggio di queste parole? Non li conosco affatto ei miei genitori non li conoscevano nemmeno a meno che non li trovassero su internet o glieli spiegassero direttamente i medici.\t\t\t\t<\/div>\n\n\t\t\t\t\t\t\t<\/div>\n\t\t[\/vc_column][\/vc_row][vc_row mobile_bg_img_hidden=&#8221;no&#8221; tablet_bg_img_hidden=&#8221;no&#8221; woodmart_parallax=&#8221;0&#8243; woodmart_gradient_switch=&#8221;no&#8221; row_reverse_mobile=&#8221;0&#8243; row_reverse_tablet=&#8221;0&#8243; woodmart_disable_overflow=&#8221;0&#8243; css=&#8221;.vc_custom_1660644019897{padding-bottom: 80px !important;}&#8221; el_class=&#8221;ocami-rodicov&#8221;][vc_column width=&#8221;1\/2&#8243; mobile_bg_img_hidden=&#8221;no&#8221; tablet_bg_img_hidden=&#8221;no&#8221; woodmart_parallax=&#8221;0&#8243; woodmart_sticky_column=&#8221;false&#8221; el_class=&#8221;ocami-matky-bigger-padding&#8221; parallax_scroll=&#8221;no&#8221; mobile_reset_margin=&#8221;no&#8221; tablet_reset_margin=&#8221;no&#8221;]\t\t\t<div id=\"wd-63dbfe65b764a\" class=\"wd-text-block-wrapper wd-wpb wd-rs-63dbfe65b764a color-scheme-custom text-left vc_custom_1675361899809\">\n\t\t\t\t<div class=\"woodmart-title-container woodmart-text-block reset-last-child font-primary wd-font-weight-400 \">\n\t\t\t\t\tDico \u201eil nostro\u201c, perch\u00e9 questo sito \u00e8 di tutti noi cari bimbi e genitori, che vogliamo condividere le nostre esperienze e confrontarle con le vostre. Vorremmo che questa comunit\u00e0 servisse per l&#8217;educazione nel campo delle malattie rare, delle diagnosi e delle sindromi. Vogliamo aiutare voi e noi, cari amici, affinch\u00e9 tutti possiamo aiutarci a vicenda e vivere sogni a tutti gli effetti.<\/p>\n<p>Principalmente per far tutti i nostri sogni belli e grandi.\t\t\t\t<\/div>\n\n\t\t\t\t\t\t\t<\/div>\n\t\t[\/vc_column][vc_column width=&#8221;1\/2&#8243;][vc_single_image image=&#8221;8482&#8243; img_size=&#8221;full&#8221; alignment=&#8221;right&#8221; woodmart_inline=&#8221;no&#8221; parallax_scroll=&#8221;no&#8221;][\/vc_column][\/vc_row]<\/p>\n<\/section>","protected":false},"excerpt":{"rendered":"<p>[vc_row el_id=&#8221;my_world&#8221; mobile_bg_img_hidden=&#8221;no&#8221; tablet_bg_img_hidden=&#8221;no&#8221; woodmart_parallax=&#8221;0&#8243; woodmart_gradient_switch=&#8221;no&#8221; row_reverse_mobile=&#8221;0&#8243; row_reverse_tablet=&#8221;0&#8243; woodmart_disable_overflow=&#8221;0&#8243; css=&#8221;.vc_custom_1660645211722{padding-top: 120px !important;padding-bottom: 80px !important;}&#8221; el_class=&#8221;ocami-rodica&#8221;][vc_column width=&#8221;1\/2&#8243;][\/vc_column][vc_column width=&#8221;1\/2&#8243;][vc_single_image image=&#8221;8480&#8243; img_size=&#8221;full&#8221; alignment=&#8221;right&#8221;<\/p>\n","protected":false},"author":1,"featured_media":0,"parent":0,"menu_order":0,"comment_status":"closed","ping_status":"closed","template":"","meta":[],"yoast_head":"<!-- This site is optimized with the Yoast SEO plugin v19.13 - https:\/\/yoast.com\/wordpress\/plugins\/seo\/ -->\n<title>La storia di Leo - Leushko<\/title>\n<meta name=\"robots\" content=\"index, follow, max-snippet:-1, max-image-preview:large, max-video-preview:-1\" \/>\n<link rel=\"canonical\" href=\"https:\/\/www.leushko.sk\/it\/la-storia-di-leo\/\" \/>\n<meta property=\"og:locale\" content=\"it_IT\" \/>\n<meta property=\"og:type\" content=\"article\" \/>\n<meta property=\"og:title\" content=\"La storia di Leo - Leushko\" \/>\n<meta property=\"og:description\" content=\"[vc_row el_id=&#8221;my_world&#8221; mobile_bg_img_hidden=&#8221;no&#8221; tablet_bg_img_hidden=&#8221;no&#8221; woodmart_parallax=&#8221;0&#8243; woodmart_gradient_switch=&#8221;no&#8221; row_reverse_mobile=&#8221;0&#8243; row_reverse_tablet=&#8221;0&#8243; woodmart_disable_overflow=&#8221;0&#8243; css=&#8221;.vc_custom_1660645211722{padding-top: 120px !important;padding-bottom: 80px !important;}&#8221; el_class=&#8221;ocami-rodica&#8221;][vc_column width=&#8221;1\/2&#8243;][\/vc_column][vc_column width=&#8221;1\/2&#8243;][vc_single_image image=&#8221;8480&#8243; img_size=&#8221;full&#8221; alignment=&#8221;right&#8221;\" \/>\n<meta property=\"og:url\" content=\"https:\/\/www.leushko.sk\/it\/la-storia-di-leo\/\" \/>\n<meta property=\"og:site_name\" content=\"Leushko\" \/>\n<meta property=\"article:modified_time\" content=\"2023-02-02T18:18:47+00:00\" \/>\n<meta name=\"twitter:card\" content=\"summary_large_image\" \/>\n<meta name=\"twitter:label1\" content=\"Tempo di lettura stimato\" \/>\n\t<meta name=\"twitter:data1\" content=\"4 minuti\" \/>\n<script type=\"application\/ld+json\" class=\"yoast-schema-graph\">{\"@context\":\"https:\/\/schema.org\",\"@graph\":[{\"@type\":\"WebPage\",\"@id\":\"https:\/\/www.leushko.sk\/it\/la-storia-di-leo\/\",\"url\":\"https:\/\/www.leushko.sk\/it\/la-storia-di-leo\/\",\"name\":\"La storia di Leo - Leushko\",\"isPartOf\":{\"@id\":\"https:\/\/www.leushko.sk\/#website\"},\"datePublished\":\"2022-12-21T09:47:11+00:00\",\"dateModified\":\"2023-02-02T18:18:47+00:00\",\"breadcrumb\":{\"@id\":\"https:\/\/www.leushko.sk\/it\/la-storia-di-leo\/#breadcrumb\"},\"inLanguage\":\"it-IT\",\"potentialAction\":[{\"@type\":\"ReadAction\",\"target\":[\"https:\/\/www.leushko.sk\/it\/la-storia-di-leo\/\"]}]},{\"@type\":\"BreadcrumbList\",\"@id\":\"https:\/\/www.leushko.sk\/it\/la-storia-di-leo\/#breadcrumb\",\"itemListElement\":[{\"@type\":\"ListItem\",\"position\":1,\"name\":\"Domovsk\u00e1 str\u00e1nka\",\"item\":\"https:\/\/www.leushko.sk\/it\/\"},{\"@type\":\"ListItem\",\"position\":2,\"name\":\"La storia di Leo\"}]},{\"@type\":\"WebSite\",\"@id\":\"https:\/\/www.leushko.sk\/#website\",\"url\":\"https:\/\/www.leushko.sk\/\",\"name\":\"Leushko\",\"description\":\"Just another WordPress site\",\"potentialAction\":[{\"@type\":\"SearchAction\",\"target\":{\"@type\":\"EntryPoint\",\"urlTemplate\":\"https:\/\/www.leushko.sk\/?s={search_term_string}\"},\"query-input\":\"required name=search_term_string\"}],\"inLanguage\":\"it-IT\"}]}<\/script>\n<!-- \/ Yoast SEO plugin. -->","yoast_head_json":{"title":"La storia di Leo - Leushko","robots":{"index":"index","follow":"follow","max-snippet":"max-snippet:-1","max-image-preview":"max-image-preview:large","max-video-preview":"max-video-preview:-1"},"canonical":"https:\/\/www.leushko.sk\/it\/la-storia-di-leo\/","og_locale":"it_IT","og_type":"article","og_title":"La storia di Leo - Leushko","og_description":"[vc_row el_id=&#8221;my_world&#8221; mobile_bg_img_hidden=&#8221;no&#8221; tablet_bg_img_hidden=&#8221;no&#8221; woodmart_parallax=&#8221;0&#8243; woodmart_gradient_switch=&#8221;no&#8221; row_reverse_mobile=&#8221;0&#8243; row_reverse_tablet=&#8221;0&#8243; woodmart_disable_overflow=&#8221;0&#8243; css=&#8221;.vc_custom_1660645211722{padding-top: 120px !important;padding-bottom: 80px !important;}&#8221; el_class=&#8221;ocami-rodica&#8221;][vc_column width=&#8221;1\/2&#8243;][\/vc_column][vc_column width=&#8221;1\/2&#8243;][vc_single_image image=&#8221;8480&#8243; img_size=&#8221;full&#8221; alignment=&#8221;right&#8221;","og_url":"https:\/\/www.leushko.sk\/it\/la-storia-di-leo\/","og_site_name":"Leushko","article_modified_time":"2023-02-02T18:18:47+00:00","twitter_card":"summary_large_image","twitter_misc":{"Tempo di lettura stimato":"4 minuti"},"schema":{"@context":"https:\/\/schema.org","@graph":[{"@type":"WebPage","@id":"https:\/\/www.leushko.sk\/it\/la-storia-di-leo\/","url":"https:\/\/www.leushko.sk\/it\/la-storia-di-leo\/","name":"La storia di Leo - Leushko","isPartOf":{"@id":"https:\/\/www.leushko.sk\/#website"},"datePublished":"2022-12-21T09:47:11+00:00","dateModified":"2023-02-02T18:18:47+00:00","breadcrumb":{"@id":"https:\/\/www.leushko.sk\/it\/la-storia-di-leo\/#breadcrumb"},"inLanguage":"it-IT","potentialAction":[{"@type":"ReadAction","target":["https:\/\/www.leushko.sk\/it\/la-storia-di-leo\/"]}]},{"@type":"BreadcrumbList","@id":"https:\/\/www.leushko.sk\/it\/la-storia-di-leo\/#breadcrumb","itemListElement":[{"@type":"ListItem","position":1,"name":"Domovsk\u00e1 str\u00e1nka","item":"https:\/\/www.leushko.sk\/it\/"},{"@type":"ListItem","position":2,"name":"La storia di Leo"}]},{"@type":"WebSite","@id":"https:\/\/www.leushko.sk\/#website","url":"https:\/\/www.leushko.sk\/","name":"Leushko","description":"Just another WordPress site","potentialAction":[{"@type":"SearchAction","target":{"@type":"EntryPoint","urlTemplate":"https:\/\/www.leushko.sk\/?s={search_term_string}"},"query-input":"required name=search_term_string"}],"inLanguage":"it-IT"}]}},"_links":{"self":[{"href":"https:\/\/www.leushko.sk\/it\/wp-json\/wp\/v2\/pages\/8713"}],"collection":[{"href":"https:\/\/www.leushko.sk\/it\/wp-json\/wp\/v2\/pages"}],"about":[{"href":"https:\/\/www.leushko.sk\/it\/wp-json\/wp\/v2\/types\/page"}],"author":[{"embeddable":true,"href":"https:\/\/www.leushko.sk\/it\/wp-json\/wp\/v2\/users\/1"}],"replies":[{"embeddable":true,"href":"https:\/\/www.leushko.sk\/it\/wp-json\/wp\/v2\/comments?post=8713"}],"version-history":[{"count":3,"href":"https:\/\/www.leushko.sk\/it\/wp-json\/wp\/v2\/pages\/8713\/revisions"}],"predecessor-version":[{"id":8936,"href":"https:\/\/www.leushko.sk\/it\/wp-json\/wp\/v2\/pages\/8713\/revisions\/8936"}],"wp:attachment":[{"href":"https:\/\/www.leushko.sk\/it\/wp-json\/wp\/v2\/media?parent=8713"}],"curies":[{"name":"wp","href":"https:\/\/api.w.org\/{rel}","templated":true}]}}