{"id":8700,"date":"2022-08-15T11:01:57","date_gmt":"2022-08-15T11:01:57","guid":{"rendered":"https:\/\/www.leushko.sk\/kde-najst-pomoc\/"},"modified":"2023-02-02T18:09:50","modified_gmt":"2023-02-02T18:09:50","slug":"dove-trovare-aiuto","status":"publish","type":"page","link":"https:\/\/www.leushko.sk\/it\/dove-trovare-aiuto\/","title":{"rendered":"Dove trovare aiuto?"},"content":{"rendered":"<section class=\"wpb-content-wrapper\"><p>[vc_row css=&#8221;.vc_custom_1660631090368{padding-top: 60px !important;padding-bottom: 80px !important;}&#8221; mobile_bg_img_hidden=&#8221;no&#8221; tablet_bg_img_hidden=&#8221;no&#8221; woodmart_parallax=&#8221;0&#8243; woodmart_gradient_switch=&#8221;no&#8221; row_reverse_mobile=&#8221;0&#8243; row_reverse_tablet=&#8221;0&#8243; woodmart_disable_overflow=&#8221;0&#8243; el_id=&#8221;where-find-help-title&#8221;][vc_column]\t\t\t<div id=\"wd-63dbfb27996bc\" class=\"wd-text-block-wrapper wd-wpb wd-rs-63dbfb27996bc color-scheme-custom text-center vc_custom_1675361073059 gluten-font\">\n\t\t\t\t<div class=\"woodmart-title-container woodmart-text-block reset-last-child font-primary wd-font-weight-300 \">\n\t\t\t\t\tDove trovare aiuto?\t\t\t\t<\/div>\n\n\t\t\t\t\t\t\t<\/div>\n\t\t\t\t\t<div id=\"wd-63dbfb3435c29\" class=\"wd-text-block-wrapper wd-wpb wd-rs-63dbfb3435c29 color-scheme-custom text-center wd-width-enabled vc_custom_1675361079583\" style=\"--wd-max-width: 30%;\">\n\t\t\t\t<div class=\"woodmart-title-container woodmart-text-block reset-last-child font-primary wd-font-weight-400 \">\n\t\t\t\t\tConsulta un elenco di strutture e medici per trovare aiuto con un problema in cui questi si specializzano.\t\t\t\t<\/div>\n\n\t\t\t\t\t\t\t<\/div>\n\t\t[\/vc_column][\/vc_row][vc_row mobile_bg_img_hidden=&#8221;no&#8221; tablet_bg_img_hidden=&#8221;no&#8221; woodmart_parallax=&#8221;0&#8243; woodmart_gradient_switch=&#8221;no&#8221; row_reverse_mobile=&#8221;0&#8243; row_reverse_tablet=&#8221;0&#8243; woodmart_disable_overflow=&#8221;0&#8243; css=&#8221;.vc_custom_1660639137089{padding-bottom: 80px !important;}&#8221; el_id=&#8221;my_world&#8221;][vc_column width=&#8221;1\/2&#8243;]\t\t\t<div id=\"wd-63dbfb3a8efdd\" class=\"wd-text-block-wrapper wd-wpb wd-rs-63dbfb3a8efdd color-scheme-custom text-left vc_custom_1675361085459\">\n\t\t\t\t<div class=\"woodmart-title-container woodmart-text-block reset-last-child font-primary wd-font-weight-400 \">\n\t\t\t\t\tMEDICO\t\t\t\t<\/div>\n\n\t\t\t\t\t\t\t<\/div>\n\t\t\t\t\t<div id=\"wd-63dbfb41a7207\" class=\"wd-text-block-wrapper wd-wpb wd-rs-63dbfb41a7207 color-scheme-custom text-left vc_custom_1675361093537 gluten-font\">\n\t\t\t\t<div class=\"woodmart-title-container woodmart-text-block reset-last-child font-primary wd-font-weight-400 \">\n\t\t\t\t\tPriv.Doz. dott. Christoph Radler\t\t\t\t<\/div>\n\n\t\t\t\t\t\t\t<\/div>\n\t\t\t\t\t<div id=\"wd-63dbfb488b4b0\" class=\"wd-text-block-wrapper wd-wpb wd-rs-63dbfb488b4b0 color-scheme-custom text-left vc_custom_1675361105620\">\n\t\t\t\t<div class=\"woodmart-title-container woodmart-text-block reset-last-child font-primary wd-font-weight-400 \">\n\t\t\t\t\tIl dottore offre non solo decenni di esperienza come chirurgo ortopedico, ma anche un&#8217;assistenza ottimale basata su conoscenze scientifiche e un approccio personale a ciascun caso.<\/p>\n<p>\u00c8 specializzato in deformit\u00e0 congenite e acquisite in bambini e adulti, allungamento di bastoni e gambe.<\/p>\n<p>&nbsp;<\/p>\n<p>Dal 2009 \u00e8 capo del dipartimento di ortopedia pediatrica e dell&#8217;adolescenza presso l&#8217;ospedale ortopedico di Speising e capo del team di ortopedia pediatrica dal 2013. Ha una panoramica dell&#8217;intero spettro dell&#8217;ortopedia infantile (dall&#8217;articolazione dell&#8217;anca al piede).\t\t\t\t<\/div>\n\n\t\t\t\t\t\t\t<\/div>\n\t\t<div id=\"wd-63dbfb54cbad3\" class=\" wd-rs-63dbfb54cbad3  wd-button-wrapper text-center inline-element\"><a href=\"https:\/\/radler-ortho.com\/\" title=\"Maggiori informazioni\" target=\"_blank\" class=\"btn btn-scheme-light btn-scheme-hover-light btn-style-bordered btn-style-round btn-size-extra-large blue-btn\">Maggiori informazioni<\/a><\/div><div id=\"wd-63dbfb6011837\" class=\" wd-rs-63dbfb6011837  wd-button-wrapper text-center inline-element\"><a href=\"https:\/\/www.leushko.sk\/it\/contatto\/\" title=\"Contatto\" class=\"btn btn-scheme-light btn-scheme-hover-light btn-style-bordered btn-style-round btn-size-extra-large white-btn\">Contattaci<\/a><\/div>[\/vc_column][vc_column width=&#8221;1\/2&#8243;][vc_single_image image=&#8221;8294&#8243; img_size=&#8221;full&#8221; alignment=&#8221;right&#8221; woodmart_inline=&#8221;no&#8221; parallax_scroll=&#8221;no&#8221;][\/vc_column][\/vc_row][vc_row full_width=&#8221;stretch_row&#8221; woodmart_bg_position=&#8221;center-top&#8221; mobile_bg_img_hidden=&#8221;no&#8221; tablet_bg_img_hidden=&#8221;no&#8221; woodmart_parallax=&#8221;0&#8243; woodmart_gradient_switch=&#8221;no&#8221; row_reverse_mobile=&#8221;0&#8243; row_reverse_tablet=&#8221;0&#8243; woodmart_disable_overflow=&#8221;0&#8243; css=&#8221;.vc_custom_1660563793123{padding-top: 100px !important;padding-bottom: 100px !important;background-image: url(https:\/\/www.leushko.sk\/wp-content\/uploads\/2022\/08\/gradient-clouds.svg?id=8300) !important;background-position: center !important;background-repeat: no-repeat !important;background-size: cover !important;}&#8221; el_id=&#8221;clouds&#8221;][vc_column width=&#8221;1\/2&#8243;]\t\t\t<div id=\"wd-63dbfb6baaa5e\" class=\"wd-text-block-wrapper wd-wpb wd-rs-63dbfb6baaa5e color-scheme-custom text-left vc_custom_1675361227453\">\n\t\t\t\t<div class=\"woodmart-title-container woodmart-text-block reset-last-child font-primary wd-font-weight-400 \">\n\t\t\t\t\tCENTRO ORTOPEDICO\t\t\t\t<\/div>\n\n\t\t\t\t\t\t\t<\/div>\n\t\t\t\t\t<div id=\"wd-63dbfbce43303\" class=\"wd-text-block-wrapper wd-wpb wd-rs-63dbfbce43303 color-scheme-custom text-left vc_custom_1675361233165 gluten-font\">\n\t\t\t\t<div class=\"woodmart-title-container woodmart-text-block reset-last-child font-primary wd-font-weight-400 \">\n\t\t\t\t\tOrtoPoul\t\t\t\t<\/div>\n\n\t\t\t\t\t\t\t<\/div>\n\t\t\t\t\t<div id=\"wd-63dbfbd3c3354\" class=\"wd-text-block-wrapper wd-wpb wd-rs-63dbfbd3c3354 color-scheme-custom text-left vc_custom_1675361239690\">\n\t\t\t\t<div class=\"woodmart-title-container woodmart-text-block reset-last-child font-primary wd-font-weight-400 \">\n\t\t\t\t\tL&#8217;affermato studio privato ortopedico del professor Jan Poul si prende cura di pazienti sia bambini che adulti. Fornisce uno spettro completo di consulenza ortopedica, diagnostica e terapia relativa ai disturbi della colonna vertebrale nei bambini e negli adulti, problemi acuti e cronici del sistema muscolo-scheletrico, difetti congeniti dello sviluppo del sistema muscolo-scheletrico dei bambini e traumatologia sportiva. Parte della loro pratica \u00e8 il follow-up diretto alla fisioterapia professionale.\t\t\t\t<\/div>\n\n\t\t\t\t\t\t\t<\/div>\n\t\t<div id=\"wd-63dbfbda3ae1d\" class=\" wd-rs-63dbfbda3ae1d  wd-button-wrapper text-center inline-element\"><a href=\"http:\/\/orto-poul.cz\/\" title=\"Maggiori informazioni\" target=\"_blank\" class=\"btn btn-scheme-light btn-scheme-hover-light btn-style-bordered btn-style-round btn-size-extra-large blue-btn\">Maggiori informazioni<\/a><\/div><div id=\"wd-63dbfbe290b27\" class=\" wd-rs-63dbfbe290b27  wd-button-wrapper text-center inline-element\"><a href=\"https:\/\/www.leushko.sk\/it\/contatto\/\" title=\"Contatto\" class=\"btn btn-scheme-light btn-scheme-hover-light btn-style-bordered btn-style-round btn-size-extra-large white-btn\">Contattaci<\/a><\/div>[\/vc_column][vc_column width=&#8221;1\/2&#8243;][vc_single_image image=&#8221;8299&#8243; img_size=&#8221;full&#8221; alignment=&#8221;right&#8221; woodmart_inline=&#8221;no&#8221; parallax_scroll=&#8221;no&#8221;][\/vc_column][\/vc_row][vc_row full_width=&#8221;stretch_row_content_no_spaces&#8221; mobile_bg_img_hidden=&#8221;no&#8221; tablet_bg_img_hidden=&#8221;no&#8221; woodmart_parallax=&#8221;0&#8243; woodmart_gradient_switch=&#8221;no&#8221; row_reverse_mobile=&#8221;0&#8243; row_reverse_tablet=&#8221;0&#8243; woodmart_disable_overflow=&#8221;0&#8243; el_class=&#8221;divider-bottom-clouds&#8221;][vc_column offset=&#8221;vc_hidden-md vc_hidden-sm vc_hidden-xs&#8221; mobile_bg_img_hidden=&#8221;no&#8221; tablet_bg_img_hidden=&#8221;no&#8221; woodmart_parallax=&#8221;0&#8243; woodmart_sticky_column=&#8221;false&#8221; parallax_scroll=&#8221;no&#8221; mobile_reset_margin=&#8221;no&#8221; tablet_reset_margin=&#8221;no&#8221;]\t\t\t<div id=\"wd-62fa34e3bba6c\" class=\"wd-row-divider wd-62fa34e3bba6c dvr-position-bottom dvr-style-clouds\">\n\t\t\t\t<svg xmlns=\"http:\/\/www.w3.org\/2000\/svg\" version=\"1.1\" width=\"100%\" height=\"6vw\" viewBox=\"0 0 100 100\" preserveAspectRatio=\"none\">\n  <path d=\"M-5 100 Q 0 20 5 100 Z\n\t\t\t\t\t\t M0 100 Q 5 0 10 100\n\t\t\t\t\t\t M5 100 Q 10 30 15 100\n\t\t\t\t\t\t M10 100 Q 15 10 20 100\n\t\t\t\t\t\t M15 100 Q 20 30 25 100\n\t\t\t\t\t\t M20 100 Q 25 -10 30 100\n\t\t\t\t\t\t M25 100 Q 30 10 35 100\n\t\t\t\t\t\t M30 100 Q 35 30 40 100\n\t\t\t\t\t\t M35 100 Q 40 10 45 100\n\t\t\t\t\t\t M40 100 Q 45 50 50 100\n\t\t\t\t\t\t M45 100 Q 50 20 55 100\n\t\t\t\t\t\t M50 100 Q 55 40 60 100\n\t\t\t\t\t\t M55 100 Q 60 60 65 100\n\t\t\t\t\t\t M60 100 Q 65 50 70 100\n\t\t\t\t\t\t M65 100 Q 70 20 75 100\n\t\t\t\t\t\t M70 100 Q 75 45 80 100\n\t\t\t\t\t\t M75 100 Q 80 30 85 100\n\t\t\t\t\t\t M80 100 Q 85 20 90 100\n\t\t\t\t\t\t M85 100 Q 90 50 95 100\n\t\t\t\t\t\t M90 100 Q 95 25 100 100\n\t\t\t\t\t\t M95 100 Q 100 15 105 100 Z\">\n  <\/path>\n<\/svg>\n\t\t\t\t\t\t\t<\/div>\n\t\t[\/vc_column][\/vc_row][vc_row mobile_bg_img_hidden=&#8221;no&#8221; tablet_bg_img_hidden=&#8221;no&#8221; woodmart_parallax=&#8221;0&#8243; woodmart_gradient_switch=&#8221;no&#8221; row_reverse_mobile=&#8221;0&#8243; row_reverse_tablet=&#8221;0&#8243; woodmart_disable_overflow=&#8221;0&#8243; css=&#8221;.vc_custom_1660567925346{padding-top: 100px !important;padding-bottom: 80px !important;}&#8221; el_id=&#8221;my_world&#8221; el_class=&#8221;help-for-kid&#8221;][vc_column width=&#8221;1\/2&#8243;]\t\t\t<div id=\"wd-63dbfbedeece6\" class=\"wd-text-block-wrapper wd-wpb wd-rs-63dbfbedeece6 color-scheme-custom text-left vc_custom_1675361267839\">\n\t\t\t\t<div class=\"woodmart-title-container woodmart-text-block reset-last-child font-primary wd-font-weight-400 \">\n\t\t\t\t\tCENTRO ORTOPEDICO\t\t\t\t<\/div>\n\n\t\t\t\t\t\t\t<\/div>\n\t\t\t\t\t<div id=\"wd-62fa3579173c3\" class=\"wd-text-block-wrapper wd-wpb wd-rs-62fa3579173c3 color-scheme-custom text-left vc_custom_1660564862538 gluten-font\">\n\t\t\t\t<div class=\"woodmart-title-container woodmart-text-block reset-last-child font-primary wd-font-weight-400 \">\n\t\t\t\t\tPohlig\t\t\t\t<\/div>\n\n\t\t\t\t\t\t\t<\/div>\n\t\t\t\t\t<div id=\"wd-63dbfbf6bdf27\" class=\"wd-text-block-wrapper wd-wpb wd-rs-63dbfbf6bdf27 color-scheme-custom text-left vc_custom_1675361275091\">\n\t\t\t\t<div class=\"woodmart-title-container woodmart-text-block reset-last-child font-primary wd-font-weight-400 \">\n\t\t\t\t\tPohlig \u00e8 un&#8217;azienda dinamica, ricercata a livello internazionale, con sede a Traunstein in Alta Baviera. Una rete di otto filiali in Germania e Austria assicura la vicinanza ai pazienti.<\/p>\n<p>Con quattro reparti di tecnologia ortopedica, tecnologia riabilitativa, tecnologia delle calzature ortopediche e un negozio di forniture mediche, la Pohlig \u00e8 ben posizionata con possibilit\u00e1 di offrire ai pazienti una vasta gamma di ausili e servizi perfettamente coordinati.\t\t\t\t<\/div>\n\n\t\t\t\t\t\t\t<\/div>\n\t\t<div id=\"wd-63dbfbfe3c378\" class=\" wd-rs-63dbfbfe3c378  wd-button-wrapper text-center inline-element\"><a href=\"https:\/\/www.pohlig.net\/en\" title=\"Maggiori informazioni\" target=\"_blank\" class=\"btn btn-scheme-light btn-scheme-hover-light btn-style-bordered btn-style-round btn-size-extra-large blue-btn\">Maggiori informazioni<\/a><\/div><div id=\"wd-63dbfc07af941\" class=\" wd-rs-63dbfc07af941  wd-button-wrapper text-center inline-element\"><a href=\"https:\/\/www.leushko.sk\/it\/contatto\/\" title=\"Contatto\" class=\"btn btn-scheme-light btn-scheme-hover-light btn-style-bordered btn-style-round btn-size-extra-large white-btn\">Contattaci<\/a><\/div>[\/vc_column][vc_column width=&#8221;1\/2&#8243;][vc_single_image image=&#8221;8315&#8243; img_size=&#8221;full&#8221; alignment=&#8221;right&#8221; woodmart_inline=&#8221;no&#8221; parallax_scroll=&#8221;no&#8221;][\/vc_column][\/vc_row][vc_row full_width=&#8221;stretch_row&#8221; woodmart_bg_position=&#8221;center-top&#8221; mobile_bg_img_hidden=&#8221;no&#8221; tablet_bg_img_hidden=&#8221;no&#8221; woodmart_parallax=&#8221;0&#8243; woodmart_gradient_switch=&#8221;no&#8221; row_reverse_mobile=&#8221;0&#8243; row_reverse_tablet=&#8221;0&#8243; woodmart_disable_overflow=&#8221;0&#8243; css=&#8221;.vc_custom_1660565010792{padding-top: 100px !important;padding-bottom: 100px !important;background-image: url(https:\/\/www.leushko.sk\/wp-content\/uploads\/2022\/08\/gradient-clouds.svg?id=8300) !important;background-position: center !important;background-repeat: no-repeat !important;background-size: cover !important;}&#8221; el_id=&#8221;clouds&#8221;][vc_column width=&#8221;1\/2&#8243;]\t\t\t<div id=\"wd-63dbfc1559626\" class=\"wd-text-block-wrapper wd-wpb wd-rs-63dbfc1559626 color-scheme-custom text-left vc_custom_1675361304593\">\n\t\t\t\t<div class=\"woodmart-title-container woodmart-text-block reset-last-child font-primary wd-font-weight-400 \">\n\t\t\t\t\tORTOTICO\t\t\t\t<\/div>\n\n\t\t\t\t\t\t\t<\/div>\n\t\t\t\t\t<div id=\"wd-63dbfc1bd2cb7\" class=\"wd-text-block-wrapper wd-wpb wd-rs-63dbfc1bd2cb7 color-scheme-custom text-left vc_custom_1675361311581 gluten-font\">\n\t\t\t\t<div class=\"woodmart-title-container woodmart-text-block reset-last-child font-primary wd-font-weight-400 \">\n\t\t\t\t\tMichal Musil, CEO di Pohlig Austria\t\t\t\t<\/div>\n\n\t\t\t\t\t\t\t<\/div>\n\t\t\t\t\t<div id=\"wd-63dbfc222bb52\" class=\"wd-text-block-wrapper wd-wpb wd-rs-63dbfc222bb52 color-scheme-custom text-left vc_custom_1675361319173\">\n\t\t\t\t<div class=\"woodmart-title-container woodmart-text-block reset-last-child font-primary wd-font-weight-400 \">\n\t\t\t\t\t\u00c8 nato a Olomouc, ma \u00e8 cresciuto in Austria dall&#8217;et\u00e0 di cinque anni. Grazie alla sua passione per la medicina e l&#8217;artigianato, ha deciso di diventare un tecnico ortopedico nel 1999. Ha quindi completato un corso di 3,5 anni, dove si \u00e8 laureato con lode. Nel 2006 ha completato la sua esperienza pratica con un master. Dal 2008 lavora per l&#8217;azienda Pohlig, uno dei leader nel mercato degli ausili e della tecnologia ortopedici nei paesi di lingua tedesca.\t\t\t\t<\/div>\n\n\t\t\t\t\t\t\t<\/div>\n\t\t<div id=\"wd-63dbfc29aefcc\" class=\" wd-rs-63dbfc29aefcc  wd-button-wrapper text-center inline-element\"><a href=\"http:\/\/orto-poul.cz\/lide\/michal-musil\/\" title=\"Maggiori informazioni\" target=\"_blank\" class=\"btn btn-scheme-light btn-scheme-hover-light btn-style-bordered btn-style-round btn-size-extra-large blue-btn\">Maggiori informazioni<\/a><\/div><div id=\"wd-63dbfc3205768\" class=\" wd-rs-63dbfc3205768  wd-button-wrapper text-center inline-element\"><a href=\"https:\/\/www.leushko.sk\/it\/contatto\/\" title=\"Contatto\" class=\"btn btn-scheme-light btn-scheme-hover-light btn-style-bordered btn-style-round btn-size-extra-large white-btn\">Contattaci<\/a><\/div>[\/vc_column][vc_column width=&#8221;1\/2&#8243;][vc_single_image image=&#8221;8319&#8243; img_size=&#8221;full&#8221; alignment=&#8221;right&#8221; woodmart_inline=&#8221;no&#8221; parallax_scroll=&#8221;no&#8221;][\/vc_column][\/vc_row][vc_row full_width=&#8221;stretch_row_content_no_spaces&#8221; mobile_bg_img_hidden=&#8221;no&#8221; tablet_bg_img_hidden=&#8221;no&#8221; woodmart_parallax=&#8221;0&#8243; woodmart_gradient_switch=&#8221;no&#8221; row_reverse_mobile=&#8221;0&#8243; row_reverse_tablet=&#8221;0&#8243; woodmart_disable_overflow=&#8221;0&#8243; el_class=&#8221;divider-bottom-clouds&#8221;][vc_column offset=&#8221;vc_hidden-md vc_hidden-sm vc_hidden-xs&#8221; mobile_bg_img_hidden=&#8221;no&#8221; tablet_bg_img_hidden=&#8221;no&#8221; woodmart_parallax=&#8221;0&#8243; woodmart_sticky_column=&#8221;false&#8221; parallax_scroll=&#8221;no&#8221; mobile_reset_margin=&#8221;no&#8221; tablet_reset_margin=&#8221;no&#8221;]\t\t\t<div id=\"wd-62fa34e3bba6c\" class=\"wd-row-divider wd-62fa34e3bba6c dvr-position-bottom dvr-style-clouds\">\n\t\t\t\t<svg xmlns=\"http:\/\/www.w3.org\/2000\/svg\" version=\"1.1\" width=\"100%\" height=\"6vw\" viewBox=\"0 0 100 100\" preserveAspectRatio=\"none\">\n  <path d=\"M-5 100 Q 0 20 5 100 Z\n\t\t\t\t\t\t M0 100 Q 5 0 10 100\n\t\t\t\t\t\t M5 100 Q 10 30 15 100\n\t\t\t\t\t\t M10 100 Q 15 10 20 100\n\t\t\t\t\t\t M15 100 Q 20 30 25 100\n\t\t\t\t\t\t M20 100 Q 25 -10 30 100\n\t\t\t\t\t\t M25 100 Q 30 10 35 100\n\t\t\t\t\t\t M30 100 Q 35 30 40 100\n\t\t\t\t\t\t M35 100 Q 40 10 45 100\n\t\t\t\t\t\t M40 100 Q 45 50 50 100\n\t\t\t\t\t\t M45 100 Q 50 20 55 100\n\t\t\t\t\t\t M50 100 Q 55 40 60 100\n\t\t\t\t\t\t M55 100 Q 60 60 65 100\n\t\t\t\t\t\t M60 100 Q 65 50 70 100\n\t\t\t\t\t\t M65 100 Q 70 20 75 100\n\t\t\t\t\t\t M70 100 Q 75 45 80 100\n\t\t\t\t\t\t M75 100 Q 80 30 85 100\n\t\t\t\t\t\t M80 100 Q 85 20 90 100\n\t\t\t\t\t\t M85 100 Q 90 50 95 100\n\t\t\t\t\t\t M90 100 Q 95 25 100 100\n\t\t\t\t\t\t M95 100 Q 100 15 105 100 Z\">\n  <\/path>\n<\/svg>\n\t\t\t\t\t\t\t<\/div>\n\t\t[\/vc_column][\/vc_row][vc_row mobile_bg_img_hidden=&#8221;no&#8221; tablet_bg_img_hidden=&#8221;no&#8221; woodmart_parallax=&#8221;0&#8243; woodmart_gradient_switch=&#8221;no&#8221; row_reverse_mobile=&#8221;0&#8243; row_reverse_tablet=&#8221;0&#8243; woodmart_disable_overflow=&#8221;0&#8243; css=&#8221;.vc_custom_1660567932800{padding-top: 100px !important;padding-bottom: 100px !important;}&#8221; el_id=&#8221;my_world&#8221; el_class=&#8221;help-for-kid&#8221;][vc_column width=&#8221;1\/2&#8243;]\t\t\t<div id=\"wd-63dbfc4074ff5\" class=\"wd-text-block-wrapper wd-wpb wd-rs-63dbfc4074ff5 color-scheme-custom text-left vc_custom_1675361349607\">\n\t\t\t\t<div class=\"woodmart-title-container woodmart-text-block reset-last-child font-primary wd-font-weight-400 \">\n\t\t\t\t\tCENTRO ORTOPEDICO\t\t\t\t<\/div>\n\n\t\t\t\t\t\t\t<\/div>\n\t\t\t\t\t<div id=\"wd-63dbfc490d7d9\" class=\"wd-text-block-wrapper wd-wpb wd-rs-63dbfc490d7d9 color-scheme-custom text-left vc_custom_1675361357097 gluten-font\">\n\t\t\t\t<div class=\"woodmart-title-container woodmart-text-block reset-last-child font-primary wd-font-weight-400 \">\n\t\t\t\t\tNapreduj (Vai avanti)\t\t\t\t<\/div>\n\n\t\t\t\t\t\t\t<\/div>\n\t\t\t\t\t<div id=\"wd-63dbfc500c4a7\" class=\"wd-text-block-wrapper wd-wpb wd-rs-63dbfc500c4a7 color-scheme-custom text-left vc_custom_1675361364734\">\n\t\t\t\t<div class=\"woodmart-title-container woodmart-text-block reset-last-child font-primary wd-font-weight-400 \">\n\t\t\t\t\tProgrammi riabilitativi per bambini con disabilit\u00e0 neurologiche, bambini in convalescenza, bambini prematuri e bambini con problemi ortopedici pi\u00f9 lievi (piede piatto, scoliosi, postura scorretta).<\/p>\n<p>Altissimo livello, brevi tempi di attesa e prezzi onesti.\t\t\t\t<\/div>\n\n\t\t\t\t\t\t\t<\/div>\n\t\t<div id=\"wd-63dbfc57d94ec\" class=\" wd-rs-63dbfc57d94ec  wd-button-wrapper text-center inline-element\"><a href=\"https:\/\/www.napreduj.sk\/\" title=\"Maggiori informazioni\" target=\"_blank\" class=\"btn btn-scheme-light btn-scheme-hover-light btn-style-bordered btn-style-round btn-size-extra-large blue-btn\">Maggiori informazioni<\/a><\/div><div id=\"wd-63dbfc606202b\" class=\" wd-rs-63dbfc606202b  wd-button-wrapper text-center inline-element\"><a href=\"https:\/\/www.leushko.sk\/it\/contatto\/\" title=\"Contatto\" class=\"btn btn-scheme-light btn-scheme-hover-light btn-style-bordered btn-style-round btn-size-extra-large white-btn\">Contattaci<\/a><\/div>[\/vc_column][vc_column width=&#8221;1\/2&#8243;][vc_single_image image=&#8221;8321&#8243; img_size=&#8221;full&#8221; alignment=&#8221;right&#8221; woodmart_inline=&#8221;no&#8221; parallax_scroll=&#8221;no&#8221;][\/vc_column][\/vc_row]<\/p>\n<\/section>","protected":false},"excerpt":{"rendered":"<p>[vc_row css=&#8221;.vc_custom_1660631090368{padding-top: 60px !important;padding-bottom: 80px !important;}&#8221; mobile_bg_img_hidden=&#8221;no&#8221; tablet_bg_img_hidden=&#8221;no&#8221; woodmart_parallax=&#8221;0&#8243; woodmart_gradient_switch=&#8221;no&#8221; row_reverse_mobile=&#8221;0&#8243; row_reverse_tablet=&#8221;0&#8243; woodmart_disable_overflow=&#8221;0&#8243; el_id=&#8221;where-find-help-title&#8221;][vc_column][\/vc_column][\/vc_row][vc_row mobile_bg_img_hidden=&#8221;no&#8221; tablet_bg_img_hidden=&#8221;no&#8221; woodmart_parallax=&#8221;0&#8243; woodmart_gradient_switch=&#8221;no&#8221; row_reverse_mobile=&#8221;0&#8243; row_reverse_tablet=&#8221;0&#8243;<\/p>\n","protected":false},"author":1,"featured_media":0,"parent":0,"menu_order":0,"comment_status":"closed","ping_status":"closed","template":"","meta":[],"yoast_head":"<!-- This site is optimized with the Yoast SEO plugin v19.13 - https:\/\/yoast.com\/wordpress\/plugins\/seo\/ -->\n<title>Dove trovare aiuto? - Leushko<\/title>\n<meta name=\"robots\" content=\"index, follow, max-snippet:-1, max-image-preview:large, max-video-preview:-1\" \/>\n<link rel=\"canonical\" href=\"https:\/\/www.leushko.sk\/it\/dove-trovare-aiuto\/\" \/>\n<meta property=\"og:locale\" content=\"it_IT\" \/>\n<meta property=\"og:type\" content=\"article\" \/>\n<meta property=\"og:title\" content=\"Dove trovare aiuto? - Leushko\" \/>\n<meta property=\"og:description\" content=\"[vc_row css=&#8221;.vc_custom_1660631090368{padding-top: 60px !important;padding-bottom: 80px !important;}&#8221; mobile_bg_img_hidden=&#8221;no&#8221; tablet_bg_img_hidden=&#8221;no&#8221; woodmart_parallax=&#8221;0&#8243; woodmart_gradient_switch=&#8221;no&#8221; row_reverse_mobile=&#8221;0&#8243; row_reverse_tablet=&#8221;0&#8243; woodmart_disable_overflow=&#8221;0&#8243; el_id=&#8221;where-find-help-title&#8221;][vc_column][\/vc_column][\/vc_row][vc_row mobile_bg_img_hidden=&#8221;no&#8221; tablet_bg_img_hidden=&#8221;no&#8221; woodmart_parallax=&#8221;0&#8243; woodmart_gradient_switch=&#8221;no&#8221; row_reverse_mobile=&#8221;0&#8243; row_reverse_tablet=&#8221;0&#8243;\" \/>\n<meta property=\"og:url\" content=\"https:\/\/www.leushko.sk\/it\/dove-trovare-aiuto\/\" \/>\n<meta property=\"og:site_name\" content=\"Leushko\" \/>\n<meta property=\"article:modified_time\" content=\"2023-02-02T18:09:50+00:00\" \/>\n<meta name=\"twitter:card\" content=\"summary_large_image\" \/>\n<meta name=\"twitter:label1\" content=\"Tempo di lettura stimato\" \/>\n\t<meta name=\"twitter:data1\" content=\"6 minuti\" \/>\n<script type=\"application\/ld+json\" class=\"yoast-schema-graph\">{\"@context\":\"https:\/\/schema.org\",\"@graph\":[{\"@type\":\"WebPage\",\"@id\":\"https:\/\/www.leushko.sk\/it\/dove-trovare-aiuto\/\",\"url\":\"https:\/\/www.leushko.sk\/it\/dove-trovare-aiuto\/\",\"name\":\"Dove trovare aiuto? - Leushko\",\"isPartOf\":{\"@id\":\"https:\/\/www.leushko.sk\/#website\"},\"datePublished\":\"2022-08-15T11:01:57+00:00\",\"dateModified\":\"2023-02-02T18:09:50+00:00\",\"breadcrumb\":{\"@id\":\"https:\/\/www.leushko.sk\/it\/dove-trovare-aiuto\/#breadcrumb\"},\"inLanguage\":\"it-IT\",\"potentialAction\":[{\"@type\":\"ReadAction\",\"target\":[\"https:\/\/www.leushko.sk\/it\/dove-trovare-aiuto\/\"]}]},{\"@type\":\"BreadcrumbList\",\"@id\":\"https:\/\/www.leushko.sk\/it\/dove-trovare-aiuto\/#breadcrumb\",\"itemListElement\":[{\"@type\":\"ListItem\",\"position\":1,\"name\":\"Domovsk\u00e1 str\u00e1nka\",\"item\":\"https:\/\/www.leushko.sk\/it\/\"},{\"@type\":\"ListItem\",\"position\":2,\"name\":\"Dove trovare aiuto?\"}]},{\"@type\":\"WebSite\",\"@id\":\"https:\/\/www.leushko.sk\/#website\",\"url\":\"https:\/\/www.leushko.sk\/\",\"name\":\"Leushko\",\"description\":\"Just another WordPress site\",\"potentialAction\":[{\"@type\":\"SearchAction\",\"target\":{\"@type\":\"EntryPoint\",\"urlTemplate\":\"https:\/\/www.leushko.sk\/?s={search_term_string}\"},\"query-input\":\"required name=search_term_string\"}],\"inLanguage\":\"it-IT\"}]}<\/script>\n<!-- \/ Yoast SEO plugin. -->","yoast_head_json":{"title":"Dove trovare aiuto? - Leushko","robots":{"index":"index","follow":"follow","max-snippet":"max-snippet:-1","max-image-preview":"max-image-preview:large","max-video-preview":"max-video-preview:-1"},"canonical":"https:\/\/www.leushko.sk\/it\/dove-trovare-aiuto\/","og_locale":"it_IT","og_type":"article","og_title":"Dove trovare aiuto? - Leushko","og_description":"[vc_row css=&#8221;.vc_custom_1660631090368{padding-top: 60px !important;padding-bottom: 80px !important;}&#8221; mobile_bg_img_hidden=&#8221;no&#8221; tablet_bg_img_hidden=&#8221;no&#8221; woodmart_parallax=&#8221;0&#8243; woodmart_gradient_switch=&#8221;no&#8221; row_reverse_mobile=&#8221;0&#8243; row_reverse_tablet=&#8221;0&#8243; woodmart_disable_overflow=&#8221;0&#8243; el_id=&#8221;where-find-help-title&#8221;][vc_column][\/vc_column][\/vc_row][vc_row mobile_bg_img_hidden=&#8221;no&#8221; tablet_bg_img_hidden=&#8221;no&#8221; woodmart_parallax=&#8221;0&#8243; woodmart_gradient_switch=&#8221;no&#8221; row_reverse_mobile=&#8221;0&#8243; row_reverse_tablet=&#8221;0&#8243;","og_url":"https:\/\/www.leushko.sk\/it\/dove-trovare-aiuto\/","og_site_name":"Leushko","article_modified_time":"2023-02-02T18:09:50+00:00","twitter_card":"summary_large_image","twitter_misc":{"Tempo di lettura stimato":"6 minuti"},"schema":{"@context":"https:\/\/schema.org","@graph":[{"@type":"WebPage","@id":"https:\/\/www.leushko.sk\/it\/dove-trovare-aiuto\/","url":"https:\/\/www.leushko.sk\/it\/dove-trovare-aiuto\/","name":"Dove trovare aiuto? - Leushko","isPartOf":{"@id":"https:\/\/www.leushko.sk\/#website"},"datePublished":"2022-08-15T11:01:57+00:00","dateModified":"2023-02-02T18:09:50+00:00","breadcrumb":{"@id":"https:\/\/www.leushko.sk\/it\/dove-trovare-aiuto\/#breadcrumb"},"inLanguage":"it-IT","potentialAction":[{"@type":"ReadAction","target":["https:\/\/www.leushko.sk\/it\/dove-trovare-aiuto\/"]}]},{"@type":"BreadcrumbList","@id":"https:\/\/www.leushko.sk\/it\/dove-trovare-aiuto\/#breadcrumb","itemListElement":[{"@type":"ListItem","position":1,"name":"Domovsk\u00e1 str\u00e1nka","item":"https:\/\/www.leushko.sk\/it\/"},{"@type":"ListItem","position":2,"name":"Dove trovare aiuto?"}]},{"@type":"WebSite","@id":"https:\/\/www.leushko.sk\/#website","url":"https:\/\/www.leushko.sk\/","name":"Leushko","description":"Just another WordPress site","potentialAction":[{"@type":"SearchAction","target":{"@type":"EntryPoint","urlTemplate":"https:\/\/www.leushko.sk\/?s={search_term_string}"},"query-input":"required name=search_term_string"}],"inLanguage":"it-IT"}]}},"_links":{"self":[{"href":"https:\/\/www.leushko.sk\/it\/wp-json\/wp\/v2\/pages\/8700"}],"collection":[{"href":"https:\/\/www.leushko.sk\/it\/wp-json\/wp\/v2\/pages"}],"about":[{"href":"https:\/\/www.leushko.sk\/it\/wp-json\/wp\/v2\/types\/page"}],"author":[{"embeddable":true,"href":"https:\/\/www.leushko.sk\/it\/wp-json\/wp\/v2\/users\/1"}],"replies":[{"embeddable":true,"href":"https:\/\/www.leushko.sk\/it\/wp-json\/wp\/v2\/comments?post=8700"}],"version-history":[{"count":3,"href":"https:\/\/www.leushko.sk\/it\/wp-json\/wp\/v2\/pages\/8700\/revisions"}],"predecessor-version":[{"id":8934,"href":"https:\/\/www.leushko.sk\/it\/wp-json\/wp\/v2\/pages\/8700\/revisions\/8934"}],"wp:attachment":[{"href":"https:\/\/www.leushko.sk\/it\/wp-json\/wp\/v2\/media?parent=8700"}],"curies":[{"name":"wp","href":"https:\/\/api.w.org\/{rel}","templated":true}]}}