{"id":8729,"date":"2022-08-16T09:26:50","date_gmt":"2022-08-16T09:26:50","guid":{"rendered":"https:\/\/www.leushko.sk\/ocami-otca\/"},"modified":"2023-01-29T09:59:36","modified_gmt":"2023-01-29T09:59:36","slug":"a-traves-de-los-ojos-del-padre","status":"publish","type":"page","link":"https:\/\/www.leushko.sk\/es\/a-traves-de-los-ojos-del-padre\/","title":{"rendered":"A trav\u00e9s de los ojos del padre"},"content":{"rendered":"<section class=\"wpb-content-wrapper\"><p>[vc_row el_id=\u00bbmy_world\u00bb mobile_bg_img_hidden=\u00bbno\u00bb tablet_bg_img_hidden=\u00bbno\u00bb woodmart_parallax=\u00bb0&#8243; woodmart_gradient_switch=\u00bbno\u00bb row_reverse_mobile=\u00bb0&#8243; row_reverse_tablet=\u00bb0&#8243; woodmart_disable_overflow=\u00bb0&#8243; css=\u00bb.vc_custom_1660645458697{padding-top: 120px !important;padding-bottom: 80px !important;}\u00bb el_class=\u00bbocami-rodica\u00bb][vc_column width=\u00bb1\/2&#8243;]\t\t\t<div id=\"wd-63d6433daaea6\" class=\"wd-text-block-wrapper wd-wpb wd-rs-63d6433daaea6 color-scheme-custom text-left vc_custom_1674986308948 gluten-font\">\n\t\t\t\t<div class=\"woodmart-title-container woodmart-text-block reset-last-child font-primary wd-font-weight-400 \">\n\t\t\t\t\tA trav\u00e9s de los ojos del padre\t\t\t\t<\/div>\n\n\t\t\t\t\t\t\t<\/div>\n\t\t\t\t\t<div id=\"wd-63d6434783399\" class=\"wd-text-block-wrapper wd-wpb wd-rs-63d6434783399 color-scheme-custom text-left vc_custom_1674986319722\">\n\t\t\t\t<div class=\"woodmart-title-container woodmart-text-block reset-last-child font-primary wd-font-weight-400 \">\n\t\t\t\t\tHola a todos, hola amigos.<\/p>\n<p>Mi nombre es Kristi\u00e1n y soy padre de un ni\u00f1o maravilloso llamado Leu\u0161ko. Junto a Evka, hemos tenido muchas experiencias y momentos compartidos , entend\u00ed que es una mujer maravillosa y quiero compartir mi vida con ella en un futuro desconocido, lleno de felicidad y hermosos momentos juntos.\t\t\t\t<\/div>\n\n\t\t\t\t\t\t\t<\/div>\n\t\t<div id=\"wd-63d643524d865\" class=\" wd-rs-63d643524d865  wd-button-wrapper text-center inline-element\"><a href=\"https:\/\/www.leushko.sk\/es\/soporte\/\" title=\"Soporte\" class=\"btn btn-scheme-light btn-scheme-hover-light btn-style-bordered btn-style-round btn-size-extra-large blue-btn\">Proporcionar ayuda<\/a><\/div>\t\t\t<div id=\"wd-63d64362c92f2\" class=\"wd-text-block-wrapper wd-wpb wd-rs-63d64362c92f2 color-scheme-custom text-left vc_custom_1674986345086\">\n\t\t\t\t<div class=\"woodmart-title-container woodmart-text-block reset-last-child font-primary wd-font-weight-400 \">\n\t\t\t\t\tSalt\u00e9 a este viaje de una manera completamente tradicional. Primero le ped\u00ed que se casara conmigo y esper\u00e9 tensamente su respuesta. Ella dijo que s\u00ed y nos comprometimos. Nos mudamos juntos a un apartamento con nuestra mascota, un h\u00e1mster. Despu\u00e9s de casi un a\u00f1o y un d\u00eda desde que me dijo que s\u00ed, nos casamos. Fue uno de los d\u00edas m\u00e1s bonitos de mi vida y espero que el de mi mujer tambi\u00e9n.\t\t\t\t<\/div>\n\n\t\t\t\t\t\t\t<\/div>\n\t\t[\/vc_column][vc_column width=\u00bb1\/2&#8243;][vc_single_image image=\u00bb8459&#8243; img_size=\u00bbfull\u00bb alignment=\u00bbright\u00bb woodmart_inline=\u00bbno\u00bb parallax_scroll=\u00bbno\u00bb][\/vc_column][\/vc_row][vc_row mobile_bg_img_hidden=\u00bbno\u00bb tablet_bg_img_hidden=\u00bbno\u00bb woodmart_parallax=\u00bb0&#8243; woodmart_gradient_switch=\u00bbno\u00bb row_reverse_mobile=\u00bb1&#8243; row_reverse_tablet=\u00bb0&#8243; woodmart_disable_overflow=\u00bb0&#8243; css=\u00bb.vc_custom_1660645474095{padding-bottom: 110px !important;}\u00bb el_class=\u00bbocami-rodicov\u00bb][vc_column width=\u00bb1\/2&#8243;][vc_single_image image=\u00bb8463&#8243; img_size=\u00bbfull\u00bb alignment=\u00bbright\u00bb woodmart_inline=\u00bbno\u00bb parallax_scroll=\u00bbno\u00bb][\/vc_column][vc_column width=\u00bb1\/2&#8243;]\t\t\t<div id=\"wd-63d6436c767cc\" class=\"wd-text-block-wrapper wd-wpb wd-rs-63d6436c767cc color-scheme-custom text-left vc_custom_1674986360929\">\n\t\t\t\t<div class=\"woodmart-title-container woodmart-text-block reset-last-child font-primary wd-font-weight-400 \">\n\t\t\t\t\tLa boda fue genial, la disfrutamos con nuestra familia y amigos y sentimos que nuestro amor es inmenso Por eso decidimos engrandecer nuestra familia y dentro de un a\u00f1o de espera. naci\u00f3 nuestro hijo, Leu\u0161ko. Mi esposa pas\u00f3 todo el curso del embarazo de manera excelente y despu\u00e9s de cada examen, el m\u00e9dico en Trnava afirm\u00f3 que nuestro hijo cumpl\u00eda con todos los par\u00e1metros de un beb\u00e9 saludable y que se estaba desarrollando de acuerdo con los gr\u00e1ficos. As\u00ed que esperamos a nuestro peque\u00f1o que lleg\u00f3 exactamente una semana despu\u00e9s de la fecha prevista, Se hizo esperar.<\/p>\n<p>Era la noche del nacimiento y hab\u00edamos decidido que el hospital Ru\u017einov ser\u00eda el lugar donde mi esposa dar\u00eda a luz,\u00a0 La noche era ventosa, lluviosa y el cielo estaba oscuro. Todo estaba preparado y quer\u00eda llegar al hospital lo m\u00e1s r\u00e1pido posible desde Trnava, ya que vi que las contracciones de mi esposa eran bastante fuertes. Por cierto, queridas mujeres, queridas madres, me quito el sombrero ante ustedes, merecen el respeto de toda la humanidad.\t\t\t\t<\/div>\n\n\t\t\t\t\t\t\t<\/div>\n\t\t[\/vc_column][\/vc_row][vc_row mobile_bg_img_hidden=\u00bbno\u00bb tablet_bg_img_hidden=\u00bbno\u00bb woodmart_parallax=\u00bb0&#8243; woodmart_gradient_switch=\u00bbno\u00bb row_reverse_mobile=\u00bb0&#8243; row_reverse_tablet=\u00bb0&#8243; woodmart_disable_overflow=\u00bb0&#8243; css=\u00bb.vc_custom_1660645486620{padding-bottom: 80px !important;}\u00bb el_class=\u00bbocami-rodicov\u00bb][vc_column width=\u00bb1\/2&#8243;]\t\t\t<div id=\"wd-63d6437bb99fc\" class=\"wd-text-block-wrapper wd-wpb wd-rs-63d6437bb99fc color-scheme-custom text-left vc_custom_1674986370240\">\n\t\t\t\t<div class=\"woodmart-title-container woodmart-text-block reset-last-child font-primary wd-font-weight-400 \">\n\t\t\t\t\tSe llevaron a mi esposa a la sala de observaci\u00f3n pero, por supuesto, a\u00fan no estaba de inicio de parto. As\u00ed que me enviaron de vuelta a casa en Trnava, donde dorm\u00ed un poco, pero toda la noche esper\u00e9 con ansias a nuestro peque\u00f1o y dese\u00e9 que mi esposa se sintiera muy bien y que el parto transcurra sin problemas.<\/p>\n<p>Recib\u00ed un mensaje en la ma\u00f1ana de que no ten\u00eda que ir al hospital tan temprano as\u00ed que tuve tiempo para desayunar, Un momento despu\u00e9s, recib\u00ed un segundo mensaje de que ella estaba en la sala parto, fue en este momento y que deber\u00eda salir de la casa lo antes posible. Ten\u00eda muchas ganas de verlos. El nacimiento transcurri\u00f3 sin problemas, ella lo hizo con mucha valent\u00eda y estoy muy orgulloso de ti, Evka.<\/p>\n<p>Se llevaron al beb\u00e9, pero yo segu\u00eda sosteniendo la mano de mi esposa la consol\u00e9 diciendo que finalmente nuestro beb\u00e9 naci\u00f3, pero el\u00a0 llanto de mi bebe no se escuch\u00f3 de inmediato en el aire. Estaba estresado y con ansias esperamos la llamada de los m\u00e9dicos para que pudiera ir a buscar a mi hijo, pero luego nos enteramos que lo resucitaron. Cuando lo vi, supe de inmediato que lo amar\u00eda por el resto de mi vida, pero al mismo tiempo tem\u00ed por su vida y en ese momento experiment\u00e9 el mayor temor de mi vida de que algo m\u00e1s grave le hubiera sucedido. Empec\u00e9 a sudar fr\u00edo y tuve que respirar hondo. Mi hijo ten\u00eda la pierna derecha deformada. Tienes miles de preguntas en la cabeza y ning\u00fan padre puede prepararse para ello. Me impact\u00f3 y las primeras preguntas no fueron sobre la pierna sino sobre si sus otros \u00f3rganos y el resto de ese hermoso y fr\u00e1gil cuerpo estar\u00eda bien. Me ayudaron a llevarlo con su mam\u00e1 y fue amor a primera vista, lloramos juntos de alegr\u00eda y nos prometimos que lo cuidaremos por el resto de nuestras vidas, aunque fuera m\u00e1s all\u00e1 de nuestras fuerzas, simplemente por que lo amamos mucho.\t\t\t\t<\/div>\n\n\t\t\t\t\t\t\t<\/div>\n\t\t[\/vc_column][vc_column width=\u00bb1\/2&#8243;][vc_single_image image=\u00bb8466&#8243; img_size=\u00bbfull\u00bb alignment=\u00bbright\u00bb woodmart_inline=\u00bbno\u00bb parallax_scroll=\u00bbno\u00bb][\/vc_column][\/vc_row]<\/p>\n<\/section>","protected":false},"excerpt":{"rendered":"<p>[vc_row el_id=\u00bbmy_world\u00bb mobile_bg_img_hidden=\u00bbno\u00bb tablet_bg_img_hidden=\u00bbno\u00bb woodmart_parallax=\u00bb0&#8243; woodmart_gradient_switch=\u00bbno\u00bb row_reverse_mobile=\u00bb0&#8243; row_reverse_tablet=\u00bb0&#8243; woodmart_disable_overflow=\u00bb0&#8243; css=\u00bb.vc_custom_1660645458697{padding-top: 120px !important;padding-bottom: 80px !important;}\u00bb el_class=\u00bbocami-rodica\u00bb][vc_column width=\u00bb1\/2&#8243;][\/vc_column][vc_column width=\u00bb1\/2&#8243;][vc_single_image image=\u00bb8459&#8243; img_size=\u00bbfull\u00bb alignment=\u00bbright\u00bb<\/p>\n","protected":false},"author":1,"featured_media":0,"parent":0,"menu_order":0,"comment_status":"closed","ping_status":"closed","template":"","meta":[],"yoast_head":"<!-- This site is optimized with the Yoast SEO plugin v19.13 - https:\/\/yoast.com\/wordpress\/plugins\/seo\/ -->\n<title>A trav\u00e9s de los ojos del padre - Leushko<\/title>\n<meta name=\"robots\" content=\"index, follow, max-snippet:-1, max-image-preview:large, max-video-preview:-1\" \/>\n<link rel=\"canonical\" href=\"https:\/\/www.leushko.sk\/es\/a-traves-de-los-ojos-del-padre\/\" \/>\n<meta property=\"og:locale\" content=\"es_ES\" \/>\n<meta property=\"og:type\" content=\"article\" \/>\n<meta property=\"og:title\" content=\"A trav\u00e9s de los ojos del padre - Leushko\" \/>\n<meta property=\"og:description\" content=\"[vc_row el_id=\u00bbmy_world\u00bb mobile_bg_img_hidden=\u00bbno\u00bb tablet_bg_img_hidden=\u00bbno\u00bb woodmart_parallax=\u00bb0&#8243; woodmart_gradient_switch=\u00bbno\u00bb row_reverse_mobile=\u00bb0&#8243; row_reverse_tablet=\u00bb0&#8243; woodmart_disable_overflow=\u00bb0&#8243; css=\u00bb.vc_custom_1660645458697{padding-top: 120px !important;padding-bottom: 80px !important;}\u00bb el_class=\u00bbocami-rodica\u00bb][vc_column width=\u00bb1\/2&#8243;][\/vc_column][vc_column width=\u00bb1\/2&#8243;][vc_single_image image=\u00bb8459&#8243; img_size=\u00bbfull\u00bb alignment=\u00bbright\u00bb\" \/>\n<meta property=\"og:url\" content=\"https:\/\/www.leushko.sk\/es\/a-traves-de-los-ojos-del-padre\/\" \/>\n<meta property=\"og:site_name\" content=\"Leushko\" \/>\n<meta property=\"article:modified_time\" content=\"2023-01-29T09:59:36+00:00\" \/>\n<meta name=\"twitter:card\" content=\"summary_large_image\" \/>\n<meta name=\"twitter:label1\" content=\"Tiempo de lectura\" \/>\n\t<meta name=\"twitter:data1\" content=\"5 minutos\" \/>\n<script type=\"application\/ld+json\" class=\"yoast-schema-graph\">{\"@context\":\"https:\/\/schema.org\",\"@graph\":[{\"@type\":\"WebPage\",\"@id\":\"https:\/\/www.leushko.sk\/es\/a-traves-de-los-ojos-del-padre\/\",\"url\":\"https:\/\/www.leushko.sk\/es\/a-traves-de-los-ojos-del-padre\/\",\"name\":\"A trav\u00e9s de los ojos del padre - Leushko\",\"isPartOf\":{\"@id\":\"https:\/\/www.leushko.sk\/#website\"},\"datePublished\":\"2022-08-16T09:26:50+00:00\",\"dateModified\":\"2023-01-29T09:59:36+00:00\",\"breadcrumb\":{\"@id\":\"https:\/\/www.leushko.sk\/es\/a-traves-de-los-ojos-del-padre\/#breadcrumb\"},\"inLanguage\":\"es\",\"potentialAction\":[{\"@type\":\"ReadAction\",\"target\":[\"https:\/\/www.leushko.sk\/es\/a-traves-de-los-ojos-del-padre\/\"]}]},{\"@type\":\"BreadcrumbList\",\"@id\":\"https:\/\/www.leushko.sk\/es\/a-traves-de-los-ojos-del-padre\/#breadcrumb\",\"itemListElement\":[{\"@type\":\"ListItem\",\"position\":1,\"name\":\"Domovsk\u00e1 str\u00e1nka\",\"item\":\"https:\/\/www.leushko.sk\/es\/\"},{\"@type\":\"ListItem\",\"position\":2,\"name\":\"A trav\u00e9s de los ojos del padre\"}]},{\"@type\":\"WebSite\",\"@id\":\"https:\/\/www.leushko.sk\/#website\",\"url\":\"https:\/\/www.leushko.sk\/\",\"name\":\"Leushko\",\"description\":\"Just another WordPress site\",\"potentialAction\":[{\"@type\":\"SearchAction\",\"target\":{\"@type\":\"EntryPoint\",\"urlTemplate\":\"https:\/\/www.leushko.sk\/?s={search_term_string}\"},\"query-input\":\"required name=search_term_string\"}],\"inLanguage\":\"es\"}]}<\/script>\n<!-- \/ Yoast SEO plugin. -->","yoast_head_json":{"title":"A trav\u00e9s de los ojos del padre - Leushko","robots":{"index":"index","follow":"follow","max-snippet":"max-snippet:-1","max-image-preview":"max-image-preview:large","max-video-preview":"max-video-preview:-1"},"canonical":"https:\/\/www.leushko.sk\/es\/a-traves-de-los-ojos-del-padre\/","og_locale":"es_ES","og_type":"article","og_title":"A trav\u00e9s de los ojos del padre - Leushko","og_description":"[vc_row el_id=\u00bbmy_world\u00bb mobile_bg_img_hidden=\u00bbno\u00bb tablet_bg_img_hidden=\u00bbno\u00bb woodmart_parallax=\u00bb0&#8243; woodmart_gradient_switch=\u00bbno\u00bb row_reverse_mobile=\u00bb0&#8243; row_reverse_tablet=\u00bb0&#8243; woodmart_disable_overflow=\u00bb0&#8243; css=\u00bb.vc_custom_1660645458697{padding-top: 120px !important;padding-bottom: 80px !important;}\u00bb el_class=\u00bbocami-rodica\u00bb][vc_column width=\u00bb1\/2&#8243;][\/vc_column][vc_column width=\u00bb1\/2&#8243;][vc_single_image image=\u00bb8459&#8243; img_size=\u00bbfull\u00bb alignment=\u00bbright\u00bb","og_url":"https:\/\/www.leushko.sk\/es\/a-traves-de-los-ojos-del-padre\/","og_site_name":"Leushko","article_modified_time":"2023-01-29T09:59:36+00:00","twitter_card":"summary_large_image","twitter_misc":{"Tiempo de lectura":"5 minutos"},"schema":{"@context":"https:\/\/schema.org","@graph":[{"@type":"WebPage","@id":"https:\/\/www.leushko.sk\/es\/a-traves-de-los-ojos-del-padre\/","url":"https:\/\/www.leushko.sk\/es\/a-traves-de-los-ojos-del-padre\/","name":"A trav\u00e9s de los ojos del padre - Leushko","isPartOf":{"@id":"https:\/\/www.leushko.sk\/#website"},"datePublished":"2022-08-16T09:26:50+00:00","dateModified":"2023-01-29T09:59:36+00:00","breadcrumb":{"@id":"https:\/\/www.leushko.sk\/es\/a-traves-de-los-ojos-del-padre\/#breadcrumb"},"inLanguage":"es","potentialAction":[{"@type":"ReadAction","target":["https:\/\/www.leushko.sk\/es\/a-traves-de-los-ojos-del-padre\/"]}]},{"@type":"BreadcrumbList","@id":"https:\/\/www.leushko.sk\/es\/a-traves-de-los-ojos-del-padre\/#breadcrumb","itemListElement":[{"@type":"ListItem","position":1,"name":"Domovsk\u00e1 str\u00e1nka","item":"https:\/\/www.leushko.sk\/es\/"},{"@type":"ListItem","position":2,"name":"A trav\u00e9s de los ojos del padre"}]},{"@type":"WebSite","@id":"https:\/\/www.leushko.sk\/#website","url":"https:\/\/www.leushko.sk\/","name":"Leushko","description":"Just another WordPress site","potentialAction":[{"@type":"SearchAction","target":{"@type":"EntryPoint","urlTemplate":"https:\/\/www.leushko.sk\/?s={search_term_string}"},"query-input":"required name=search_term_string"}],"inLanguage":"es"}]}},"_links":{"self":[{"href":"https:\/\/www.leushko.sk\/es\/wp-json\/wp\/v2\/pages\/8729"}],"collection":[{"href":"https:\/\/www.leushko.sk\/es\/wp-json\/wp\/v2\/pages"}],"about":[{"href":"https:\/\/www.leushko.sk\/es\/wp-json\/wp\/v2\/types\/page"}],"author":[{"embeddable":true,"href":"https:\/\/www.leushko.sk\/es\/wp-json\/wp\/v2\/users\/1"}],"replies":[{"embeddable":true,"href":"https:\/\/www.leushko.sk\/es\/wp-json\/wp\/v2\/comments?post=8729"}],"version-history":[{"count":3,"href":"https:\/\/www.leushko.sk\/es\/wp-json\/wp\/v2\/pages\/8729\/revisions"}],"predecessor-version":[{"id":8890,"href":"https:\/\/www.leushko.sk\/es\/wp-json\/wp\/v2\/pages\/8729\/revisions\/8890"}],"wp:attachment":[{"href":"https:\/\/www.leushko.sk\/es\/wp-json\/wp\/v2\/media?parent=8729"}],"curies":[{"name":"wp","href":"https:\/\/api.w.org\/{rel}","templated":true}]}}