{"id":8721,"date":"2022-08-16T09:26:18","date_gmt":"2022-08-16T09:26:18","guid":{"rendered":"https:\/\/www.leushko.sk\/ocami-matky\/"},"modified":"2023-01-29T09:58:07","modified_gmt":"2023-01-29T09:58:07","slug":"a-traves-de-los-ojos-de-la-madre","status":"publish","type":"page","link":"https:\/\/www.leushko.sk\/es\/a-traves-de-los-ojos-de-la-madre\/","title":{"rendered":"A trav\u00e9s de los ojos de la madre"},"content":{"rendered":"<section class=\"wpb-content-wrapper\"><p>[vc_row el_id=\u00bbmy_world\u00bb mobile_bg_img_hidden=\u00bbno\u00bb tablet_bg_img_hidden=\u00bbno\u00bb woodmart_parallax=\u00bb0&#8243; woodmart_gradient_switch=\u00bbno\u00bb row_reverse_mobile=\u00bb0&#8243; row_reverse_tablet=\u00bb0&#8243; woodmart_disable_overflow=\u00bb0&#8243; css=\u00bb.vc_custom_1671615918917{padding-top: 120px !important;padding-bottom: 80px !important;}\u00bb el_class=\u00bbocami-rodica\u00bb][vc_column width=\u00bb1\/2&#8243;]\t\t\t<div id=\"wd-63d642fd62dc7\" class=\"wd-text-block-wrapper wd-wpb wd-rs-63d642fd62dc7 color-scheme-custom text-left vc_custom_1674986240196 gluten-font\">\n\t\t\t\t<div class=\"woodmart-title-container woodmart-text-block reset-last-child font-primary wd-font-weight-400 \">\n\t\t\t\t\tA trav\u00e9s de los ojos de la madre\t\t\t\t<\/div>\n\n\t\t\t\t\t\t\t<\/div>\n\t\t\t\t\t<div id=\"wd-63d64302b95b8\" class=\"wd-text-block-wrapper wd-wpb wd-rs-63d64302b95b8 color-scheme-custom text-left vc_custom_1674986246046\">\n\t\t\t\t<div class=\"woodmart-title-container woodmart-text-block reset-last-child font-primary wd-font-weight-400 \">\n\t\t\t\t\tComo toda mujer, yo tambi\u00e9n quer\u00eda ser madre. Mi esposo y yo so\u00f1amos con tener un hijo, y despu\u00e9s de hacernos una prueba de embarazo, este deseo se hizo realidad. Ten\u00edamos muchas ganas de que llegara nuestro beb\u00e9.\t\t\t\t<\/div>\n\n\t\t\t\t\t\t\t<\/div>\n\t\t<div id=\"wd-63d6430844562\" class=\" wd-rs-63d6430844562  wd-button-wrapper text-center inline-element\"><a href=\"https:\/\/www.leushko.sk\/es\/soporte\/\" title=\"Soporte\" class=\"btn btn-scheme-light btn-scheme-hover-light btn-style-bordered btn-style-round btn-size-extra-large blue-btn\">Proporcionar ayuda<\/a><\/div>\t\t\t<div id=\"wd-63d64313922ec\" class=\"wd-text-block-wrapper wd-wpb wd-rs-63d64313922ec color-scheme-custom text-left vc_custom_1674986263882\">\n\t\t\t\t<div class=\"woodmart-title-container woodmart-text-block reset-last-child font-primary wd-font-weight-400 \">\n\t\t\t\t\tLo primero que hice fue confirmar mi embarazo en un ginec\u00f3logo en Trnava. Complet\u00e9 responsablemente todos los ex\u00e1menes obligatorios, pruebas diagn\u00f3sticas de defecto, an\u00e1lisis de sangre y ultrasonidos. Pagu\u00e9 un examen de ultrasonido adicional, que no estaba cubierto por el seguro social, ya que quer\u00eda asegurarme de que el ni\u00f1o estaba bien como me dijeron todo el tiempo. Recib\u00ed la respuesta de que es un ni\u00f1o hermoso y saludable. Adem\u00e1s, todos mis an\u00e1lisis de sangre y pruebas de diabetes dieron excelentes resultados.\t\t\t\t<\/div>\n\n\t\t\t\t\t\t\t<\/div>\n\t\t[\/vc_column][vc_column width=\u00bb1\/2&#8243;][vc_single_image image=\u00bb8480&#8243; img_size=\u00bbfull\u00bb alignment=\u00bbright\u00bb woodmart_inline=\u00bbno\u00bb parallax_scroll=\u00bbno\u00bb][\/vc_column][\/vc_row][vc_row mobile_bg_img_hidden=\u00bbno\u00bb tablet_bg_img_hidden=\u00bbno\u00bb woodmart_parallax=\u00bb0&#8243; woodmart_gradient_switch=\u00bbno\u00bb row_reverse_mobile=\u00bb1&#8243; row_reverse_tablet=\u00bb0&#8243; woodmart_disable_overflow=\u00bb0&#8243; css=\u00bb.vc_custom_1671615938389{padding-bottom: 40px !important;}\u00bb el_class=\u00bbocami-rodicov\u00bb][vc_column width=\u00bb1\/2&#8243;][vc_single_image image=\u00bb8481&#8243; img_size=\u00bbfull\u00bb alignment=\u00bbright\u00bb woodmart_inline=\u00bbno\u00bb parallax_scroll=\u00bbno\u00bb][\/vc_column][vc_column width=\u00bb1\/2&#8243;]\t\t\t<div id=\"wd-63d6431ab6a90\" class=\"wd-text-block-wrapper wd-wpb wd-rs-63d6431ab6a90 color-scheme-custom text-left vc_custom_1674986274131\">\n\t\t\t\t<div class=\"woodmart-title-container woodmart-text-block reset-last-child font-primary wd-font-weight-400 \">\n\t\t\t\t\tAs\u00ed que disfrut\u00e9 de mi embarazo, ya que no tuve dificultades y esperaba con ansias la llegada de mi hijo. Lleg\u00f3 el d\u00eda y el beb\u00e9 quer\u00eda venir a este mundo. Mi esposo me llev\u00f3 al Hospital Universitario Ru\u017einov en Bratislava, donde me mantuvieron en observaci\u00f3n, ya que mi trabajo de parto comenzaba lentamente. El principal \u00abcl\u00edmax\u00bb vino en la ma\u00f1ana, cuando el m\u00e9dico me inform\u00f3 que mi hijo nacer\u00eda en cualquier momento y mi esposo podr\u00eda venir a estar con nosotros. Cuando el beb\u00e9 naci\u00f3, con mucha incertidumbre en la voz, le pregunt\u00e9 al m\u00e9dico qu\u00e9 pasaba, ya que no escuchaba llorar al beb\u00e9. El doctor me asegur\u00f3 que todo estar\u00eda bien y que pronto ver\u00eda a mi beb\u00e9.\t\t\t\t<\/div>\n\n\t\t\t\t\t\t\t<\/div>\n\t\t[\/vc_column][\/vc_row][vc_row mobile_bg_img_hidden=\u00bbno\u00bb tablet_bg_img_hidden=\u00bbno\u00bb woodmart_parallax=\u00bb0&#8243; woodmart_gradient_switch=\u00bbno\u00bb row_reverse_mobile=\u00bb0&#8243; row_reverse_tablet=\u00bb0&#8243; woodmart_disable_overflow=\u00bb0&#8243; css=\u00bb.vc_custom_1671615951203{padding-bottom: 80px !important;}\u00bb el_class=\u00bbocami-rodicov\u00bb][vc_column width=\u00bb1\/2&#8243; mobile_bg_img_hidden=\u00bbno\u00bb tablet_bg_img_hidden=\u00bbno\u00bb woodmart_parallax=\u00bb0&#8243; woodmart_sticky_column=\u00bbfalse\u00bb el_class=\u00bbocami-matky-bigger-padding\u00bb parallax_scroll=\u00bbno\u00bb mobile_reset_margin=\u00bbno\u00bb tablet_reset_margin=\u00bbno\u00bb]\t\t\t<div id=\"wd-63d6432460e56\" class=\"wd-text-block-wrapper wd-wpb wd-rs-63d6432460e56 color-scheme-custom text-left vc_custom_1674986281843\">\n\t\t\t\t<div class=\"woodmart-title-container woodmart-text-block reset-last-child font-primary wd-font-weight-400 \">\n\t\t\t\t\tSin embargo, me inform\u00f3 que la pierna derecha de mi Leu\u0161ko no est\u00e1 desarrollada desde la rodilla. Emociones de felicidad se fueron alternadas con emociones de temor por mi peque\u00f1o. Despu\u00e9s de que nos dieron de alta del hospital, mi esposo y yo est\u00e1bamos ansiosos por volver a casa para asumir el papel de padres, disfrutando de nuestro Leu\u0161ko, a pesar de que ten\u00edamos muchos m\u00e1s ex\u00e1menes por delante. A medida que Leo crece, veo en \u00e9l a un chico fuerte y guapo que tiene voluntad de luchar y superar todos los ex\u00e1menes con una sonrisa en el rostro. Aunque todav\u00eda no s\u00e9 cu\u00e1ndo caminar\u00e1 mi peque\u00f1o, creo que ser\u00e1 pronto y disfrutaremos de sus primeros pasos. Por eso lo amo tanto. \u2764\t\t\t\t<\/div>\n\n\t\t\t\t\t\t\t<\/div>\n\t\t[\/vc_column][vc_column width=\u00bb1\/2&#8243;][vc_single_image image=\u00bb8482&#8243; img_size=\u00bbfull\u00bb alignment=\u00bbright\u00bb woodmart_inline=\u00bbno\u00bb parallax_scroll=\u00bbno\u00bb][\/vc_column][\/vc_row]<\/p>\n<\/section>","protected":false},"excerpt":{"rendered":"<p>[vc_row el_id=\u00bbmy_world\u00bb mobile_bg_img_hidden=\u00bbno\u00bb tablet_bg_img_hidden=\u00bbno\u00bb woodmart_parallax=\u00bb0&#8243; woodmart_gradient_switch=\u00bbno\u00bb row_reverse_mobile=\u00bb0&#8243; row_reverse_tablet=\u00bb0&#8243; woodmart_disable_overflow=\u00bb0&#8243; css=\u00bb.vc_custom_1671615918917{padding-top: 120px !important;padding-bottom: 80px !important;}\u00bb el_class=\u00bbocami-rodica\u00bb][vc_column width=\u00bb1\/2&#8243;][\/vc_column][vc_column width=\u00bb1\/2&#8243;][vc_single_image image=\u00bb8480&#8243; img_size=\u00bbfull\u00bb alignment=\u00bbright\u00bb<\/p>\n","protected":false},"author":1,"featured_media":0,"parent":0,"menu_order":0,"comment_status":"closed","ping_status":"closed","template":"","meta":[],"yoast_head":"<!-- This site is optimized with the Yoast SEO plugin v19.13 - https:\/\/yoast.com\/wordpress\/plugins\/seo\/ -->\n<title>A trav\u00e9s de los ojos de la madre - Leushko<\/title>\n<meta name=\"robots\" content=\"index, follow, max-snippet:-1, max-image-preview:large, max-video-preview:-1\" \/>\n<link rel=\"canonical\" href=\"https:\/\/www.leushko.sk\/es\/a-traves-de-los-ojos-de-la-madre\/\" \/>\n<meta property=\"og:locale\" content=\"es_ES\" \/>\n<meta property=\"og:type\" content=\"article\" \/>\n<meta property=\"og:title\" content=\"A trav\u00e9s de los ojos de la madre - Leushko\" \/>\n<meta property=\"og:description\" content=\"[vc_row el_id=\u00bbmy_world\u00bb mobile_bg_img_hidden=\u00bbno\u00bb tablet_bg_img_hidden=\u00bbno\u00bb woodmart_parallax=\u00bb0&#8243; woodmart_gradient_switch=\u00bbno\u00bb row_reverse_mobile=\u00bb0&#8243; row_reverse_tablet=\u00bb0&#8243; woodmart_disable_overflow=\u00bb0&#8243; css=\u00bb.vc_custom_1671615918917{padding-top: 120px !important;padding-bottom: 80px !important;}\u00bb el_class=\u00bbocami-rodica\u00bb][vc_column width=\u00bb1\/2&#8243;][\/vc_column][vc_column width=\u00bb1\/2&#8243;][vc_single_image image=\u00bb8480&#8243; img_size=\u00bbfull\u00bb alignment=\u00bbright\u00bb\" \/>\n<meta property=\"og:url\" content=\"https:\/\/www.leushko.sk\/es\/a-traves-de-los-ojos-de-la-madre\/\" \/>\n<meta property=\"og:site_name\" content=\"Leushko\" \/>\n<meta property=\"article:modified_time\" content=\"2023-01-29T09:58:07+00:00\" \/>\n<meta name=\"twitter:card\" content=\"summary_large_image\" \/>\n<meta name=\"twitter:label1\" content=\"Tiempo de lectura\" \/>\n\t<meta name=\"twitter:data1\" content=\"3 minutos\" \/>\n<script type=\"application\/ld+json\" class=\"yoast-schema-graph\">{\"@context\":\"https:\/\/schema.org\",\"@graph\":[{\"@type\":\"WebPage\",\"@id\":\"https:\/\/www.leushko.sk\/es\/a-traves-de-los-ojos-de-la-madre\/\",\"url\":\"https:\/\/www.leushko.sk\/es\/a-traves-de-los-ojos-de-la-madre\/\",\"name\":\"A trav\u00e9s de los ojos de la madre - Leushko\",\"isPartOf\":{\"@id\":\"https:\/\/www.leushko.sk\/#website\"},\"datePublished\":\"2022-08-16T09:26:18+00:00\",\"dateModified\":\"2023-01-29T09:58:07+00:00\",\"breadcrumb\":{\"@id\":\"https:\/\/www.leushko.sk\/es\/a-traves-de-los-ojos-de-la-madre\/#breadcrumb\"},\"inLanguage\":\"es\",\"potentialAction\":[{\"@type\":\"ReadAction\",\"target\":[\"https:\/\/www.leushko.sk\/es\/a-traves-de-los-ojos-de-la-madre\/\"]}]},{\"@type\":\"BreadcrumbList\",\"@id\":\"https:\/\/www.leushko.sk\/es\/a-traves-de-los-ojos-de-la-madre\/#breadcrumb\",\"itemListElement\":[{\"@type\":\"ListItem\",\"position\":1,\"name\":\"Domovsk\u00e1 str\u00e1nka\",\"item\":\"https:\/\/www.leushko.sk\/es\/\"},{\"@type\":\"ListItem\",\"position\":2,\"name\":\"A trav\u00e9s de los ojos de la madre\"}]},{\"@type\":\"WebSite\",\"@id\":\"https:\/\/www.leushko.sk\/#website\",\"url\":\"https:\/\/www.leushko.sk\/\",\"name\":\"Leushko\",\"description\":\"Just another WordPress site\",\"potentialAction\":[{\"@type\":\"SearchAction\",\"target\":{\"@type\":\"EntryPoint\",\"urlTemplate\":\"https:\/\/www.leushko.sk\/?s={search_term_string}\"},\"query-input\":\"required name=search_term_string\"}],\"inLanguage\":\"es\"}]}<\/script>\n<!-- \/ Yoast SEO plugin. -->","yoast_head_json":{"title":"A trav\u00e9s de los ojos de la madre - Leushko","robots":{"index":"index","follow":"follow","max-snippet":"max-snippet:-1","max-image-preview":"max-image-preview:large","max-video-preview":"max-video-preview:-1"},"canonical":"https:\/\/www.leushko.sk\/es\/a-traves-de-los-ojos-de-la-madre\/","og_locale":"es_ES","og_type":"article","og_title":"A trav\u00e9s de los ojos de la madre - Leushko","og_description":"[vc_row el_id=\u00bbmy_world\u00bb mobile_bg_img_hidden=\u00bbno\u00bb tablet_bg_img_hidden=\u00bbno\u00bb woodmart_parallax=\u00bb0&#8243; woodmart_gradient_switch=\u00bbno\u00bb row_reverse_mobile=\u00bb0&#8243; row_reverse_tablet=\u00bb0&#8243; woodmart_disable_overflow=\u00bb0&#8243; css=\u00bb.vc_custom_1671615918917{padding-top: 120px !important;padding-bottom: 80px !important;}\u00bb el_class=\u00bbocami-rodica\u00bb][vc_column width=\u00bb1\/2&#8243;][\/vc_column][vc_column width=\u00bb1\/2&#8243;][vc_single_image image=\u00bb8480&#8243; img_size=\u00bbfull\u00bb alignment=\u00bbright\u00bb","og_url":"https:\/\/www.leushko.sk\/es\/a-traves-de-los-ojos-de-la-madre\/","og_site_name":"Leushko","article_modified_time":"2023-01-29T09:58:07+00:00","twitter_card":"summary_large_image","twitter_misc":{"Tiempo de lectura":"3 minutos"},"schema":{"@context":"https:\/\/schema.org","@graph":[{"@type":"WebPage","@id":"https:\/\/www.leushko.sk\/es\/a-traves-de-los-ojos-de-la-madre\/","url":"https:\/\/www.leushko.sk\/es\/a-traves-de-los-ojos-de-la-madre\/","name":"A trav\u00e9s de los ojos de la madre - Leushko","isPartOf":{"@id":"https:\/\/www.leushko.sk\/#website"},"datePublished":"2022-08-16T09:26:18+00:00","dateModified":"2023-01-29T09:58:07+00:00","breadcrumb":{"@id":"https:\/\/www.leushko.sk\/es\/a-traves-de-los-ojos-de-la-madre\/#breadcrumb"},"inLanguage":"es","potentialAction":[{"@type":"ReadAction","target":["https:\/\/www.leushko.sk\/es\/a-traves-de-los-ojos-de-la-madre\/"]}]},{"@type":"BreadcrumbList","@id":"https:\/\/www.leushko.sk\/es\/a-traves-de-los-ojos-de-la-madre\/#breadcrumb","itemListElement":[{"@type":"ListItem","position":1,"name":"Domovsk\u00e1 str\u00e1nka","item":"https:\/\/www.leushko.sk\/es\/"},{"@type":"ListItem","position":2,"name":"A trav\u00e9s de los ojos de la madre"}]},{"@type":"WebSite","@id":"https:\/\/www.leushko.sk\/#website","url":"https:\/\/www.leushko.sk\/","name":"Leushko","description":"Just another WordPress site","potentialAction":[{"@type":"SearchAction","target":{"@type":"EntryPoint","urlTemplate":"https:\/\/www.leushko.sk\/?s={search_term_string}"},"query-input":"required name=search_term_string"}],"inLanguage":"es"}]}},"_links":{"self":[{"href":"https:\/\/www.leushko.sk\/es\/wp-json\/wp\/v2\/pages\/8721"}],"collection":[{"href":"https:\/\/www.leushko.sk\/es\/wp-json\/wp\/v2\/pages"}],"about":[{"href":"https:\/\/www.leushko.sk\/es\/wp-json\/wp\/v2\/types\/page"}],"author":[{"embeddable":true,"href":"https:\/\/www.leushko.sk\/es\/wp-json\/wp\/v2\/users\/1"}],"replies":[{"embeddable":true,"href":"https:\/\/www.leushko.sk\/es\/wp-json\/wp\/v2\/comments?post=8721"}],"version-history":[{"count":3,"href":"https:\/\/www.leushko.sk\/es\/wp-json\/wp\/v2\/pages\/8721\/revisions"}],"predecessor-version":[{"id":8888,"href":"https:\/\/www.leushko.sk\/es\/wp-json\/wp\/v2\/pages\/8721\/revisions\/8888"}],"wp:attachment":[{"href":"https:\/\/www.leushko.sk\/es\/wp-json\/wp\/v2\/media?parent=8721"}],"curies":[{"name":"wp","href":"https:\/\/api.w.org\/{rel}","templated":true}]}}