{"id":8731,"date":"2022-08-15T14:31:22","date_gmt":"2022-08-15T14:31:22","guid":{"rendered":"https:\/\/www.leushko.sk\/pomoct\/"},"modified":"2023-02-11T18:42:23","modified_gmt":"2023-02-11T18:42:23","slug":"support","status":"publish","type":"page","link":"https:\/\/www.leushko.sk\/en\/support\/","title":{"rendered":"Support"},"content":{"rendered":"<section class=\"wpb-content-wrapper\"><p>[vc_row el_id=&#8221;my_world&#8221; mobile_bg_img_hidden=&#8221;no&#8221; tablet_bg_img_hidden=&#8221;no&#8221; woodmart_parallax=&#8221;0&#8243; woodmart_gradient_switch=&#8221;no&#8221; row_reverse_mobile=&#8221;0&#8243; row_reverse_tablet=&#8221;0&#8243; woodmart_disable_overflow=&#8221;0&#8243; css=&#8221;.vc_custom_1659045115001{padding-top: 120px !important;padding-bottom: 120px !important;}&#8221;][vc_column width=&#8221;1\/2&#8243;]\t\t\t<div id=\"wd-63d56b98139b3\" class=\"wd-text-block-wrapper wd-wpb wd-rs-63d56b98139b3 color-scheme-custom text-left vc_custom_1674931114773 gluten-font\">\n\t\t\t\t<div class=\"woodmart-title-container woodmart-text-block reset-last-child font-primary wd-font-weight-400 \">\n\t\t\t\t\tSupport (transparent account)\t\t\t\t<\/div>\n\n\t\t\t\t\t\t\t<\/div>\n\t\t\t\t\t<div id=\"wd-63e7b5fbe931e\" class=\"wd-text-block-wrapper wd-wpb wd-rs-63e7b5fbe931e color-scheme-custom text-left wd-width-enabled vc_custom_1676129823493\" style=\"--wd-max-width: 70%;\">\n\t\t\t\t<div class=\"woodmart-title-container woodmart-text-block reset-last-child font-primary wd-font-weight-400 \">\n\t\t\t\t\tIn order to provide a good life for our child, because of his handicap we must seek help from all over the world. Not only the seeking process but also the help itself is very expensive. We cannot do it alone.<\/p>\n<p style=\"text-align: center;\">Therefore <strong><a href=\"https:\/\/ib.vub.sk\/pch\/transparentne-ucty?iban=SK2502000000004670864359\">we created a foundation<\/a><\/strong><\/p>\n<p style=\"text-align: center;\">here you can click on link and you can contribute too.<\/p>\n<p>You can help by <strong><a href=\"https:\/\/www.leushko.sk\/en\/donate\/\">donating 2% of your taxes<\/a><\/strong>.<br \/>\nTHANK YOU for any help. \u2764\t\t\t\t<\/div>\n\n\t\t\t\t\t\t\t<\/div>\n\t\t[\/vc_column][vc_column width=&#8221;1\/2&#8243;][vc_single_image image=&#8221;9009&#8243; img_size=&#8221;full&#8221; alignment=&#8221;right&#8221; woodmart_inline=&#8221;no&#8221; parallax_scroll=&#8221;no&#8221;][\/vc_column][\/vc_row][vc_row woodmart_css_id=&#8221;6103ed6e1a900&#8243; responsive_spacing=&#8221;eyJwYXJhbV90eXBlIjoid29vZG1hcnRfcmVzcG9uc2l2ZV9zcGFjaW5nIiwic2VsZWN0b3JfaWQiOiI2MTAzZWQ2ZTFhOTAwIiwic2hvcnRjb2RlIjoidmNfcm93IiwiZGF0YSI6eyJ0YWJsZXQiOnsibWFyZ2luLWJvdHRvbSI6IjYwIn0sIm1vYmlsZSI6eyJtYXJnaW4tYm90dG9tIjoiNDAifX19&#8243; mobile_bg_img_hidden=&#8221;no&#8221; tablet_bg_img_hidden=&#8221;no&#8221; woodmart_parallax=&#8221;0&#8243; woodmart_gradient_switch=&#8221;no&#8221; row_reverse_mobile=&#8221;0&#8243; row_reverse_tablet=&#8221;0&#8243; woodmart_disable_overflow=&#8221;0&#8243; css=&#8221;.vc_custom_1660640186454{margin-bottom: 120px !important;background-position: center !important;background-repeat: no-repeat !important;background-size: cover !important;}&#8221; el_id=&#8221;podporte-nas&#8221;][vc_column offset=&#8221;vc_col-lg-offset-1 vc_col-lg-10 vc_col-md-offset-1 vc_col-md-10 vc_col-sm-offset-0 vc_col-xs-12&#8243; mobile_bg_img_hidden=&#8221;no&#8221; tablet_bg_img_hidden=&#8221;no&#8221; woodmart_parallax=&#8221;0&#8243; woodmart_sticky_column=&#8221;false&#8221; parallax_scroll=&#8221;no&#8221; mobile_reset_margin=&#8221;no&#8221; tablet_reset_margin=&#8221;no&#8221; css=&#8221;.vc_custom_1660573407063{background-image: url(https:\/\/www.leushko.sk\/wp-content\/uploads\/2022\/08\/gradient-banner.svg?id=8346) !important;background-position: center !important;background-repeat: no-repeat !important;background-size: cover !important;}&#8221; el_id=&#8221;gradient-slovnik&#8221;][vc_row_inner row_reverse_mobile=&#8221;0&#8243; row_reverse_tablet=&#8221;0&#8243;][vc_column_inner css=&#8221;.vc_custom_1660573419357{padding-top: 32px !important;padding-bottom: 32px !important;padding-left: 32px !important;}&#8221; offset=&#8221;vc_col-lg-6 vc_col-md-6 vc_col-xs-12&#8243;]\t\t\t<div id=\"wd-63d56c4375d9c\" class=\"wd-text-block-wrapper wd-wpb wd-rs-63d56c4375d9c color-scheme-light text-left vc_custom_1674931273039\">\n\t\t\t\t<div class=\"woodmart-title-container woodmart-text-block reset-last-child font-primary wd-font-weight-400 \">\n\t\t\t\t\tSUPPORT US\t\t\t\t<\/div>\n\n\t\t\t\t\t\t\t<\/div>\n\t\t\t\t\t<div id=\"wd-63d56c4b5513c\" class=\"wd-text-block-wrapper wd-wpb wd-rs-63d56c4b5513c color-scheme-light text-left vc_custom_1674931285134 gluten-font\">\n\t\t\t\t<div class=\"woodmart-title-container woodmart-text-block reset-last-child font-primary wd-font-weight-400 wd-fontsize-xl\">\n\t\t\t\t\t2% or \u013dudia \u013eu\u010fom\t\t\t\t<\/div>\n\n\t\t\t\t\t\t\t<\/div>\n\t\t\t\t\t<div id=\"wd-63d56c576a214\" class=\"wd-text-block-wrapper wd-wpb wd-rs-63d56c576a214 color-scheme-light text-left wd-width-enabled vc_custom_1674931295453\" style=\"--wd-max-width: 80%;\">\n\t\t\t\t<div class=\"woodmart-title-container woodmart-text-block reset-last-child font-primary wd-font-weight-400 \">\n\t\t\t\t\tOver the time, we have collected a lot of information on where to look for help and experts.\t\t\t\t<\/div>\n\n\t\t\t\t\t\t\t<\/div>\n\t\t<div id=\"wd-63d56c61db9ae\" class=\" wd-rs-63d56c61db9ae  wd-button-wrapper text-center inline-element\"><a href=\"https:\/\/www.leushko.sk\/en\/donate\/\" title=\"Donate 2%\" class=\"btn btn-color-white btn-style-default btn-style-round btn-size-default\">Donate 2%<\/a><\/div>[\/vc_column_inner][vc_column_inner offset=&#8221;vc_col-lg-6 vc_col-md-6 vc_col-xs-12&#8243;][vc_single_image image=&#8221;8653&#8243; img_size=&#8221;full&#8221; alignment=&#8221;right&#8221; woodmart_inline=&#8221;no&#8221; parallax_scroll=&#8221;no&#8221;][\/vc_column_inner][\/vc_row_inner][\/vc_column][\/vc_row][vc_row css=&#8221;.vc_custom_1660640123678{padding-bottom: 120px !important;}&#8221; mobile_bg_img_hidden=&#8221;no&#8221; tablet_bg_img_hidden=&#8221;no&#8221; woodmart_parallax=&#8221;0&#8243; woodmart_gradient_switch=&#8221;no&#8221; row_reverse_mobile=&#8221;0&#8243; row_reverse_tablet=&#8221;0&#8243; woodmart_disable_overflow=&#8221;0&#8243; el_id=&#8221;contact-form&#8221;][vc_column]\t\t\t<div id=\"wd-63d56c7765bf9\" class=\"wd-text-block-wrapper wd-wpb wd-rs-63d56c7765bf9 color-scheme-custom text-center vc_custom_1674931324104 gluten-font\">\n\t\t\t\t<div class=\"woodmart-title-container woodmart-text-block reset-last-child font-primary wd-font-weight-400 \">\n\t\t\t\t\tDo you need advice or support?\t\t\t\t<\/div>\n\n\t\t\t\t\t\t\t<\/div>\n\t\t\t\t\t<div id=\"wd-63d56c7eab918\" class=\"wd-text-block-wrapper wd-wpb wd-rs-63d56c7eab918 color-scheme-custom text-center wd-width-enabled vc_custom_1674931331834\" style=\"--wd-max-width: 70%;\">\n\t\t\t\t<div class=\"woodmart-title-container woodmart-text-block reset-last-child font-primary wd-font-weight-400 \">\n\t\t\t\t\tDo not hesitate to contact us\t\t\t\t<\/div>\n\n\t\t\t\t\t\t\t<\/div>\n\t\t<div class=\"wpcf7 no-js\" id=\"wpcf7-f8782-o1\" lang=\"en-US\" dir=\"ltr\">\n<div class=\"screen-reader-response\"><p role=\"status\" aria-live=\"polite\" aria-atomic=\"true\"><\/p> <ul><\/ul><\/div>\n<form action=\"\/en\/wp-json\/wp\/v2\/pages\/8731#wpcf7-f8782-o1\" method=\"post\" class=\"wpcf7-form init\" aria-label=\"Contact form\" novalidate=\"novalidate\" data-status=\"init\">\n<div style=\"display: none;\">\n<input type=\"hidden\" name=\"_wpcf7\" value=\"8782\" \/>\n<input type=\"hidden\" name=\"_wpcf7_version\" value=\"5.7.1\" \/>\n<input type=\"hidden\" name=\"_wpcf7_locale\" value=\"en_US\" \/>\n<input type=\"hidden\" name=\"_wpcf7_unit_tag\" value=\"wpcf7-f8782-o1\" \/>\n<input type=\"hidden\" name=\"_wpcf7_container_post\" value=\"0\" \/>\n<input type=\"hidden\" name=\"_wpcf7_posted_data_hash\" value=\"\" \/>\n<\/div>\n<p><label>NAME<br \/>\n<span class=\"wpcf7-form-control-wrap\" data-name=\"your-name\"><input size=\"40\" class=\"wpcf7-form-control wpcf7-text wpcf7-validates-as-required\" aria-required=\"true\" aria-invalid=\"false\" value=\"\" type=\"text\" name=\"your-name\" \/><\/span> <\/label>\n<\/p>\n<div class=\"form-div\" style=\"display:flex;gap:30px; width:100%;\">\n\t<p><label style=\"width:100%\">TELEPHONE NUMBER<span class=\"wpcf7-form-control-wrap\" data-name=\"tel-number\"><input size=\"40\" class=\"wpcf7-form-control wpcf7-text wpcf7-tel wpcf7-validates-as-required wpcf7-validates-as-tel\" aria-required=\"true\" aria-invalid=\"false\" value=\"\" type=\"tel\" name=\"tel-number\" \/><\/span><\/label>\n\t<\/p>\n\t<p><label style=\"width:100%\">EMAIL<span class=\"wpcf7-form-control-wrap\" data-name=\"your-email\"><input size=\"40\" class=\"wpcf7-form-control wpcf7-text wpcf7-email wpcf7-validates-as-required wpcf7-validates-as-email\" aria-required=\"true\" aria-invalid=\"false\" value=\"\" type=\"email\" name=\"your-email\" \/><\/span> <\/label>\n\t<\/p>\n<\/div>\n<p><label>YOUR MESSAGE<br \/>\n<span class=\"wpcf7-form-control-wrap\" data-name=\"your-message\"><textarea cols=\"40\" rows=\"10\" class=\"wpcf7-form-control wpcf7-textarea wpcf7-validates-as-required\" aria-required=\"true\" aria-invalid=\"false\" name=\"your-message\"><\/textarea><\/span> <\/label>\n<\/p>\n<div class=\"form-text\" style=\"display:flex;align-items:center; gap:32px\">\n\t<p><input class=\"wpcf7-form-control has-spinner wpcf7-submit\" type=\"submit\" value=\"SEND\" \/>\n\t<\/p>\n\t<p style=\"margin-bottom:0px;color:#878787;\">We process your personal data in order to fulfill your request.<br \/>\nYou can read more in the <a class=\"privacy-policy-contact\" href=\"https:\/\/www.leushko.sk\/en\/privacy-policy\" style=\"text-decoration:underline;color:#1033AC;\">Privacy Policy section. <\/a>\n\t<\/p>\n<\/div><div class=\"wpcf7-response-output\" aria-hidden=\"true\"><\/div><\/form><\/div>[\/vc_column][\/vc_row]<\/p>\n<\/section>","protected":false},"excerpt":{"rendered":"<p>[vc_row el_id=&#8221;my_world&#8221; mobile_bg_img_hidden=&#8221;no&#8221; tablet_bg_img_hidden=&#8221;no&#8221; woodmart_parallax=&#8221;0&#8243; woodmart_gradient_switch=&#8221;no&#8221; row_reverse_mobile=&#8221;0&#8243; row_reverse_tablet=&#8221;0&#8243; woodmart_disable_overflow=&#8221;0&#8243; css=&#8221;.vc_custom_1659045115001{padding-top: 120px !important;padding-bottom: 120px !important;}&#8221;][vc_column width=&#8221;1\/2&#8243;][\/vc_column][vc_column width=&#8221;1\/2&#8243;][vc_single_image image=&#8221;9009&#8243; img_size=&#8221;full&#8221; alignment=&#8221;right&#8221; woodmart_inline=&#8221;no&#8221;<\/p>\n","protected":false},"author":1,"featured_media":0,"parent":0,"menu_order":0,"comment_status":"closed","ping_status":"closed","template":"","meta":[],"yoast_head":"<!-- This site is optimized with the Yoast SEO plugin v19.13 - https:\/\/yoast.com\/wordpress\/plugins\/seo\/ -->\n<title>Support - Leushko<\/title>\n<meta name=\"description\" content=\"H\u013ead\u00e1me pomoc pre rie\u0161enie\u00a0hendikepu po celom svete. Preto sme vytvorili transparentn\u00fd \u00fa\u010det, kde m\u00f4\u017eete prispie\u0165 a pom\u00f4c\u0165 aj vy.\" \/>\n<meta name=\"robots\" content=\"index, follow, max-snippet:-1, max-image-preview:large, max-video-preview:-1\" \/>\n<link rel=\"canonical\" href=\"https:\/\/www.leushko.sk\/en\/support\/\" \/>\n<meta property=\"og:locale\" content=\"en_US\" \/>\n<meta property=\"og:type\" content=\"article\" \/>\n<meta property=\"og:title\" content=\"Support - Leushko\" \/>\n<meta property=\"og:description\" content=\"H\u013ead\u00e1me pomoc pre rie\u0161enie\u00a0hendikepu po celom svete. Preto sme vytvorili transparentn\u00fd \u00fa\u010det, kde m\u00f4\u017eete prispie\u0165 a pom\u00f4c\u0165 aj vy.\" \/>\n<meta property=\"og:url\" content=\"https:\/\/www.leushko.sk\/en\/support\/\" \/>\n<meta property=\"og:site_name\" content=\"Leushko\" \/>\n<meta property=\"article:modified_time\" content=\"2023-02-11T18:42:23+00:00\" \/>\n<meta name=\"twitter:card\" content=\"summary_large_image\" \/>\n<meta name=\"twitter:label1\" content=\"Est. reading time\" \/>\n\t<meta name=\"twitter:data1\" content=\"2 minutes\" \/>\n<script type=\"application\/ld+json\" class=\"yoast-schema-graph\">{\"@context\":\"https:\/\/schema.org\",\"@graph\":[{\"@type\":\"WebPage\",\"@id\":\"https:\/\/www.leushko.sk\/en\/support\/\",\"url\":\"https:\/\/www.leushko.sk\/en\/support\/\",\"name\":\"Support - Leushko\",\"isPartOf\":{\"@id\":\"https:\/\/www.leushko.sk\/#website\"},\"datePublished\":\"2022-08-15T14:31:22+00:00\",\"dateModified\":\"2023-02-11T18:42:23+00:00\",\"description\":\"H\u013ead\u00e1me pomoc pre rie\u0161enie\u00a0hendikepu po celom svete. Preto sme vytvorili transparentn\u00fd \u00fa\u010det, kde m\u00f4\u017eete prispie\u0165 a pom\u00f4c\u0165 aj vy.\",\"breadcrumb\":{\"@id\":\"https:\/\/www.leushko.sk\/en\/support\/#breadcrumb\"},\"inLanguage\":\"en-US\",\"potentialAction\":[{\"@type\":\"ReadAction\",\"target\":[\"https:\/\/www.leushko.sk\/en\/support\/\"]}]},{\"@type\":\"BreadcrumbList\",\"@id\":\"https:\/\/www.leushko.sk\/en\/support\/#breadcrumb\",\"itemListElement\":[{\"@type\":\"ListItem\",\"position\":1,\"name\":\"Domovsk\u00e1 str\u00e1nka\",\"item\":\"https:\/\/www.leushko.sk\/en\/\"},{\"@type\":\"ListItem\",\"position\":2,\"name\":\"Support\"}]},{\"@type\":\"WebSite\",\"@id\":\"https:\/\/www.leushko.sk\/#website\",\"url\":\"https:\/\/www.leushko.sk\/\",\"name\":\"Leushko\",\"description\":\"Just another WordPress site\",\"potentialAction\":[{\"@type\":\"SearchAction\",\"target\":{\"@type\":\"EntryPoint\",\"urlTemplate\":\"https:\/\/www.leushko.sk\/?s={search_term_string}\"},\"query-input\":\"required name=search_term_string\"}],\"inLanguage\":\"en-US\"}]}<\/script>\n<!-- \/ Yoast SEO plugin. -->","yoast_head_json":{"title":"Support - Leushko","description":"H\u013ead\u00e1me pomoc pre rie\u0161enie\u00a0hendikepu po celom svete. Preto sme vytvorili transparentn\u00fd \u00fa\u010det, kde m\u00f4\u017eete prispie\u0165 a pom\u00f4c\u0165 aj vy.","robots":{"index":"index","follow":"follow","max-snippet":"max-snippet:-1","max-image-preview":"max-image-preview:large","max-video-preview":"max-video-preview:-1"},"canonical":"https:\/\/www.leushko.sk\/en\/support\/","og_locale":"en_US","og_type":"article","og_title":"Support - Leushko","og_description":"H\u013ead\u00e1me pomoc pre rie\u0161enie\u00a0hendikepu po celom svete. Preto sme vytvorili transparentn\u00fd \u00fa\u010det, kde m\u00f4\u017eete prispie\u0165 a pom\u00f4c\u0165 aj vy.","og_url":"https:\/\/www.leushko.sk\/en\/support\/","og_site_name":"Leushko","article_modified_time":"2023-02-11T18:42:23+00:00","twitter_card":"summary_large_image","twitter_misc":{"Est. reading time":"2 minutes"},"schema":{"@context":"https:\/\/schema.org","@graph":[{"@type":"WebPage","@id":"https:\/\/www.leushko.sk\/en\/support\/","url":"https:\/\/www.leushko.sk\/en\/support\/","name":"Support - Leushko","isPartOf":{"@id":"https:\/\/www.leushko.sk\/#website"},"datePublished":"2022-08-15T14:31:22+00:00","dateModified":"2023-02-11T18:42:23+00:00","description":"H\u013ead\u00e1me pomoc pre rie\u0161enie\u00a0hendikepu po celom svete. Preto sme vytvorili transparentn\u00fd \u00fa\u010det, kde m\u00f4\u017eete prispie\u0165 a pom\u00f4c\u0165 aj vy.","breadcrumb":{"@id":"https:\/\/www.leushko.sk\/en\/support\/#breadcrumb"},"inLanguage":"en-US","potentialAction":[{"@type":"ReadAction","target":["https:\/\/www.leushko.sk\/en\/support\/"]}]},{"@type":"BreadcrumbList","@id":"https:\/\/www.leushko.sk\/en\/support\/#breadcrumb","itemListElement":[{"@type":"ListItem","position":1,"name":"Domovsk\u00e1 str\u00e1nka","item":"https:\/\/www.leushko.sk\/en\/"},{"@type":"ListItem","position":2,"name":"Support"}]},{"@type":"WebSite","@id":"https:\/\/www.leushko.sk\/#website","url":"https:\/\/www.leushko.sk\/","name":"Leushko","description":"Just another WordPress site","potentialAction":[{"@type":"SearchAction","target":{"@type":"EntryPoint","urlTemplate":"https:\/\/www.leushko.sk\/?s={search_term_string}"},"query-input":"required name=search_term_string"}],"inLanguage":"en-US"}]}},"_links":{"self":[{"href":"https:\/\/www.leushko.sk\/en\/wp-json\/wp\/v2\/pages\/8731"}],"collection":[{"href":"https:\/\/www.leushko.sk\/en\/wp-json\/wp\/v2\/pages"}],"about":[{"href":"https:\/\/www.leushko.sk\/en\/wp-json\/wp\/v2\/types\/page"}],"author":[{"embeddable":true,"href":"https:\/\/www.leushko.sk\/en\/wp-json\/wp\/v2\/users\/1"}],"replies":[{"embeddable":true,"href":"https:\/\/www.leushko.sk\/en\/wp-json\/wp\/v2\/comments?post=8731"}],"version-history":[{"count":6,"href":"https:\/\/www.leushko.sk\/en\/wp-json\/wp\/v2\/pages\/8731\/revisions"}],"predecessor-version":[{"id":9014,"href":"https:\/\/www.leushko.sk\/en\/wp-json\/wp\/v2\/pages\/8731\/revisions\/9014"}],"wp:attachment":[{"href":"https:\/\/www.leushko.sk\/en\/wp-json\/wp\/v2\/media?parent=8731"}],"curies":[{"name":"wp","href":"https:\/\/api.w.org\/{rel}","templated":true}]}}