{"id":8725,"date":"2022-08-16T09:26:50","date_gmt":"2022-08-16T09:26:50","guid":{"rendered":"https:\/\/www.leushko.sk\/ocami-otca\/"},"modified":"2023-01-28T20:40:10","modified_gmt":"2023-01-28T20:40:10","slug":"durch-die-augen-des-vaters","status":"publish","type":"page","link":"https:\/\/www.leushko.sk\/de\/durch-die-augen-des-vaters\/","title":{"rendered":"Durch die Augen des Vaters"},"content":{"rendered":"<section class=\"wpb-content-wrapper\"><p>[vc_row el_id=&#8220;my_world&#8220; mobile_bg_img_hidden=&#8220;no&#8220; tablet_bg_img_hidden=&#8220;no&#8220; woodmart_parallax=&#8220;0&#8243; woodmart_gradient_switch=&#8220;no&#8220; row_reverse_mobile=&#8220;0&#8243; row_reverse_tablet=&#8220;0&#8243; woodmart_disable_overflow=&#8220;0&#8243; css=&#8220;.vc_custom_1660645458697{padding-top: 120px !important;padding-bottom: 80px !important;}&#8220; el_class=&#8220;ocami-rodica&#8220;][vc_column width=&#8220;1\/2&#8243;]\t\t\t<div id=\"wd-63d587dd82bc5\" class=\"wd-text-block-wrapper wd-wpb wd-rs-63d587dd82bc5 color-scheme-custom text-left vc_custom_1674938335697 gluten-font\">\n\t\t\t\t<div class=\"woodmart-title-container woodmart-text-block reset-last-child font-primary wd-font-weight-400 \">\n\t\t\t\t\tDurch die Augen des Vaters\t\t\t\t<\/div>\n\n\t\t\t\t\t\t\t<\/div>\n\t\t\t\t\t<div id=\"wd-63d587e179d5e\" class=\"wd-text-block-wrapper wd-wpb wd-rs-63d587e179d5e color-scheme-custom text-left vc_custom_1674938343563\">\n\t\t\t\t<div class=\"woodmart-title-container woodmart-text-block reset-last-child font-primary wd-font-weight-400 \">\n\t\t\t\t\tHallo zusammen, hallo Freunde.<\/p>\n<p>Mein Name ist Kristi\u00e1n und ich bin Vater eines wunderbaren Kindes namens Leu\u0161ko. Zusammen mit Evka haben wir Lebenserfahrungen und sch\u00f6ne Momente erlebt, als ich verstand, dass sie eine wunderbare Frau ist und ich mein Leben mit ihr in einer unbekannten Zukunft verbringen m\u00f6chte, voller Gl\u00fcck und sch\u00f6ner Momente.\t\t\t\t<\/div>\n\n\t\t\t\t\t\t\t<\/div>\n\t\t<div id=\"wd-63d587e97d9d0\" class=\" wd-rs-63d587e97d9d0  wd-button-wrapper text-center inline-element\"><a href=\"https:\/\/www.leushko.sk\/de\/support\/\" title=\"Support\" class=\"btn btn-scheme-light btn-scheme-hover-light btn-style-bordered btn-style-round btn-size-extra-large blue-btn\">Biete Hilfe an<\/a><\/div>\t\t\t<div id=\"wd-63d587f9e623e\" class=\"wd-text-block-wrapper wd-wpb wd-rs-63d587f9e623e color-scheme-custom text-left vc_custom_1674938368383\">\n\t\t\t\t<div class=\"woodmart-title-container woodmart-text-block reset-last-child font-primary wd-font-weight-400 \">\n\t\t\t\t\tIch bin ganz traditionell auf diese Reise gesprungen. Zuerst bat ich sie, mich zu heiraten, und wartete gespannt auf ihre Antwort. Sie hat ja gesagt \ud83d\ude0a und wir haben uns verlobt. Wir sind zusammen mit unserem Haustier, einem Hamster, in eine Wohnung gezogen. Innerhalb von fast einem Jahr und einem Tag, seit sie Ja zu mir gesagt hat, haben wir den Bund f\u00fcrs Leben geschlossen. Es war einer der sch\u00f6nsten Tage meines Lebens und ich hoffe der meiner Frau auch.\t\t\t\t<\/div>\n\n\t\t\t\t\t\t\t<\/div>\n\t\t[\/vc_column][vc_column width=&#8220;1\/2&#8243;][vc_single_image image=&#8220;8459&#8243; img_size=&#8220;full&#8220; alignment=&#8220;right&#8220; woodmart_inline=&#8220;no&#8220; parallax_scroll=&#8220;no&#8220;][\/vc_column][\/vc_row][vc_row mobile_bg_img_hidden=&#8220;no&#8220; tablet_bg_img_hidden=&#8220;no&#8220; woodmart_parallax=&#8220;0&#8243; woodmart_gradient_switch=&#8220;no&#8220; row_reverse_mobile=&#8220;1&#8243; row_reverse_tablet=&#8220;0&#8243; woodmart_disable_overflow=&#8220;0&#8243; css=&#8220;.vc_custom_1660645474095{padding-bottom: 110px !important;}&#8220; el_class=&#8220;ocami-rodicov&#8220;][vc_column width=&#8220;1\/2&#8243;][vc_single_image image=&#8220;8463&#8243; img_size=&#8220;full&#8220; alignment=&#8220;right&#8220; woodmart_inline=&#8220;no&#8220; parallax_scroll=&#8220;no&#8220;][\/vc_column][vc_column width=&#8220;1\/2&#8243;]\t\t\t<div id=\"wd-63d58803017f0\" class=\"wd-text-block-wrapper wd-wpb wd-rs-63d58803017f0 color-scheme-custom text-left vc_custom_1674938384085\">\n\t\t\t\t<div class=\"woodmart-title-container woodmart-text-block reset-last-child font-primary wd-font-weight-400 \">\n\t\t\t\t\tDie Hochzeit war gro\u00dfartig, wir haben sie mit unserer Familie und unseren Freunden genossen und wir hatten immer noch das Gef\u00fchl, dass wir es lieben zu teilen. Deshalb haben wir beschlossen, eine vollst\u00e4ndige Familie zu werden, und in einem weiteren Jahr erwarteten wir unseren Sohn Leu\u0161ko. Meine Frau hat den gesamten Verlauf der Schwangerschaft hervorragend \u00fcberstanden und nach jeder Untersuchung stellte der Arzt in Trnava fest, dass unser Sohn alle Parameter eines gesunden Babys erf\u00fcllt und sich gem\u00e4\u00df den Diagrammen entwickelt. Also warteten wir auf unseren Kleinen, und da er eine l\u00e4ngere Pause brauchte, kam er genau eine Woche nach dem Geburtstermin.<\/p>\n<p>Es war die Nacht der Geburt und wir hatten uns f\u00fcr das Krankenhaus Ru\u017einov entschieden, sodass ich jederzeit bereit war, direkt aus Trnava abzureisen. Sie nahmen meine Frau auf und ich wartete. Die Nacht war windig und regnerisch und der Himmel war dunkel. Ich wollte so schnell wie m\u00f6glich ins Krankenhaus, da ich sah, dass die Wehen meiner Frau ziemlich stark waren. \u00dcbrigens, liebe Frauen, liebe M\u00fctter, Hut ab, ihr verdient den Respekt der ganzen Menschheit.\t\t\t\t<\/div>\n\n\t\t\t\t\t\t\t<\/div>\n\t\t[\/vc_column][\/vc_row][vc_row mobile_bg_img_hidden=&#8220;no&#8220; tablet_bg_img_hidden=&#8220;no&#8220; woodmart_parallax=&#8220;0&#8243; woodmart_gradient_switch=&#8220;no&#8220; row_reverse_mobile=&#8220;0&#8243; row_reverse_tablet=&#8220;0&#8243; woodmart_disable_overflow=&#8220;0&#8243; css=&#8220;.vc_custom_1660645486620{padding-bottom: 80px !important;}&#8220; el_class=&#8220;ocami-rodicov&#8220;][vc_column width=&#8220;1\/2&#8243;]\t\t\t<div id=\"wd-63d5881287a2d\" class=\"wd-text-block-wrapper wd-wpb wd-rs-63d5881287a2d color-scheme-custom text-left vc_custom_1674938404667\">\n\t\t\t\t<div class=\"woodmart-title-container woodmart-text-block reset-last-child font-primary wd-font-weight-400 \">\n\t\t\t\t\tSie nahmen meine Frau zur Beobachtung mit, aber sie hatte nat\u00fcrlich noch keine Wehen. Also schickten sie mich nach Hause nach Trnava, wo ich ein bisschen schlief, aber ich freute mich die ganze Nacht auf unsere Kleine und w\u00fcnschte, meine Frau w\u00fcrde sich gut f\u00fchlen und die Geburt w\u00fcrde reibungslos verlaufen.<\/p>\n<p>Am Morgen erhielt ich eine Nachricht, dass ich noch nicht dorthin musste. Ich habe Zeit zum Fr\u00fchst\u00fccken, aber dass sie bald geb\u00e4ren wird. Einen Moment sp\u00e4ter erhielt ich eine zweite Nachricht, dass die Wehen gerade einsetzten und ich so schnell wie m\u00f6glich kommen sollte. Nat\u00fcrlich habe ich nicht gez\u00f6gert und bin ins Krankenhaus gest\u00fcrmt, weil ich mich schon sehr auf die beiden gefreut habe. Die Geburt verlief reibungslos, sie hat es sehr tapfer geschafft und ich bin stolz auf dich, Evka.<\/p>\n<p>Sie nahmen das Baby, aber ich hatte immer noch die Hand meiner Frau in meinen H\u00e4nden und tr\u00f6stete sie, dass unser kleiner Junge geboren wurde, aber sein Schrei war nicht sofort in der Luft zu h\u00f6ren. Ich war gestresst und voller Vorfreude, also wartete ich auf den Anruf der \u00c4rzte, dass ich meinen Sohn holen k\u00f6nnte, aber sp\u00e4ter erfuhren wir, dass sie ihn wiederbeleben mussten. Als ich ihn sah, wusste ich sofort, dass ich ihn f\u00fcr den Rest meines Lebens lieben w\u00fcrde, aber gleichzeitig f\u00fcrchtete ich um sein Leben und erlebte die gr\u00f6\u00dfte Angst meines Lebens, dass ihm etwas Ernsteres zugesto\u00dfen w\u00e4re. Mir brach kalter Schwei\u00df aus und ich musste tief durchatmen. Er hatte ein deformiertes rechtes Bein. Du hast tausend Fragen im Kopf, auf die sich kein Vater jemals richtig vorbereiten kann. Es schockierte mich und die ersten Fragen drehten sich nicht um das Bein, sondern ob die anderen Organe und der Rest dieses sch\u00f6nen und zerbrechlichen K\u00f6rpers in Ordnung w\u00e4ren. Sie halfen mir, ihn zu seiner Mutter zu bringen, und es war Liebe auf den ersten Blick. Wir weinten zusammen vor Freude und versprachen uns, dass wir uns f\u00fcr den Rest unseres Lebens um ihn k\u00fcmmern w\u00fcrden, auch wenn es unsere Kr\u00e4fte \u00fcbersteigen w\u00fcrde, und dass wir ihn so sehr lieben.\t\t\t\t<\/div>\n\n\t\t\t\t\t\t\t<\/div>\n\t\t[\/vc_column][vc_column width=&#8220;1\/2&#8243;][vc_single_image image=&#8220;8466&#8243; img_size=&#8220;full&#8220; alignment=&#8220;right&#8220; woodmart_inline=&#8220;no&#8220; parallax_scroll=&#8220;no&#8220;][\/vc_column][\/vc_row]<\/p>\n<\/section>","protected":false},"excerpt":{"rendered":"<p>[vc_row el_id=&#8220;my_world&#8220; mobile_bg_img_hidden=&#8220;no&#8220; tablet_bg_img_hidden=&#8220;no&#8220; woodmart_parallax=&#8220;0&#8243; woodmart_gradient_switch=&#8220;no&#8220; row_reverse_mobile=&#8220;0&#8243; row_reverse_tablet=&#8220;0&#8243; woodmart_disable_overflow=&#8220;0&#8243; css=&#8220;.vc_custom_1660645458697{padding-top: 120px !important;padding-bottom: 80px !important;}&#8220; el_class=&#8220;ocami-rodica&#8220;][vc_column width=&#8220;1\/2&#8243;][\/vc_column][vc_column width=&#8220;1\/2&#8243;][vc_single_image image=&#8220;8459&#8243; img_size=&#8220;full&#8220; alignment=&#8220;right&#8220;<\/p>\n","protected":false},"author":1,"featured_media":0,"parent":0,"menu_order":0,"comment_status":"closed","ping_status":"closed","template":"","meta":[],"yoast_head":"<!-- This site is optimized with the Yoast SEO plugin v19.13 - https:\/\/yoast.com\/wordpress\/plugins\/seo\/ -->\n<title>Durch die Augen des Vaters - Leushko<\/title>\n<meta name=\"robots\" content=\"index, follow, max-snippet:-1, max-image-preview:large, max-video-preview:-1\" \/>\n<link rel=\"canonical\" href=\"https:\/\/www.leushko.sk\/de\/durch-die-augen-des-vaters\/\" \/>\n<meta property=\"og:locale\" content=\"de_DE\" \/>\n<meta property=\"og:type\" content=\"article\" \/>\n<meta property=\"og:title\" content=\"Durch die Augen des Vaters - Leushko\" \/>\n<meta property=\"og:description\" content=\"[vc_row el_id=&#8220;my_world&#8220; mobile_bg_img_hidden=&#8220;no&#8220; tablet_bg_img_hidden=&#8220;no&#8220; woodmart_parallax=&#8220;0&#8243; woodmart_gradient_switch=&#8220;no&#8220; row_reverse_mobile=&#8220;0&#8243; row_reverse_tablet=&#8220;0&#8243; woodmart_disable_overflow=&#8220;0&#8243; css=&#8220;.vc_custom_1660645458697{padding-top: 120px !important;padding-bottom: 80px !important;}&#8220; el_class=&#8220;ocami-rodica&#8220;][vc_column width=&#8220;1\/2&#8243;][\/vc_column][vc_column width=&#8220;1\/2&#8243;][vc_single_image image=&#8220;8459&#8243; img_size=&#8220;full&#8220; alignment=&#8220;right&#8220;\" \/>\n<meta property=\"og:url\" content=\"https:\/\/www.leushko.sk\/de\/durch-die-augen-des-vaters\/\" \/>\n<meta property=\"og:site_name\" content=\"Leushko\" \/>\n<meta property=\"article:modified_time\" content=\"2023-01-28T20:40:10+00:00\" \/>\n<meta name=\"twitter:card\" content=\"summary_large_image\" \/>\n<meta name=\"twitter:label1\" content=\"Gesch\u00e4tzte Lesezeit\" \/>\n\t<meta name=\"twitter:data1\" content=\"5 Minuten\" \/>\n<script type=\"application\/ld+json\" class=\"yoast-schema-graph\">{\"@context\":\"https:\/\/schema.org\",\"@graph\":[{\"@type\":\"WebPage\",\"@id\":\"https:\/\/www.leushko.sk\/de\/durch-die-augen-des-vaters\/\",\"url\":\"https:\/\/www.leushko.sk\/de\/durch-die-augen-des-vaters\/\",\"name\":\"Durch die Augen des Vaters - Leushko\",\"isPartOf\":{\"@id\":\"https:\/\/www.leushko.sk\/#website\"},\"datePublished\":\"2022-08-16T09:26:50+00:00\",\"dateModified\":\"2023-01-28T20:40:10+00:00\",\"breadcrumb\":{\"@id\":\"https:\/\/www.leushko.sk\/de\/durch-die-augen-des-vaters\/#breadcrumb\"},\"inLanguage\":\"de-DE\",\"potentialAction\":[{\"@type\":\"ReadAction\",\"target\":[\"https:\/\/www.leushko.sk\/de\/durch-die-augen-des-vaters\/\"]}]},{\"@type\":\"BreadcrumbList\",\"@id\":\"https:\/\/www.leushko.sk\/de\/durch-die-augen-des-vaters\/#breadcrumb\",\"itemListElement\":[{\"@type\":\"ListItem\",\"position\":1,\"name\":\"Domovsk\u00e1 str\u00e1nka\",\"item\":\"https:\/\/www.leushko.sk\/de\/\"},{\"@type\":\"ListItem\",\"position\":2,\"name\":\"Durch die Augen des Vaters\"}]},{\"@type\":\"WebSite\",\"@id\":\"https:\/\/www.leushko.sk\/#website\",\"url\":\"https:\/\/www.leushko.sk\/\",\"name\":\"Leushko\",\"description\":\"Just another WordPress site\",\"potentialAction\":[{\"@type\":\"SearchAction\",\"target\":{\"@type\":\"EntryPoint\",\"urlTemplate\":\"https:\/\/www.leushko.sk\/?s={search_term_string}\"},\"query-input\":\"required name=search_term_string\"}],\"inLanguage\":\"de-DE\"}]}<\/script>\n<!-- \/ Yoast SEO plugin. -->","yoast_head_json":{"title":"Durch die Augen des Vaters - Leushko","robots":{"index":"index","follow":"follow","max-snippet":"max-snippet:-1","max-image-preview":"max-image-preview:large","max-video-preview":"max-video-preview:-1"},"canonical":"https:\/\/www.leushko.sk\/de\/durch-die-augen-des-vaters\/","og_locale":"de_DE","og_type":"article","og_title":"Durch die Augen des Vaters - Leushko","og_description":"[vc_row el_id=&#8220;my_world&#8220; mobile_bg_img_hidden=&#8220;no&#8220; tablet_bg_img_hidden=&#8220;no&#8220; woodmart_parallax=&#8220;0&#8243; woodmart_gradient_switch=&#8220;no&#8220; row_reverse_mobile=&#8220;0&#8243; row_reverse_tablet=&#8220;0&#8243; woodmart_disable_overflow=&#8220;0&#8243; css=&#8220;.vc_custom_1660645458697{padding-top: 120px !important;padding-bottom: 80px !important;}&#8220; el_class=&#8220;ocami-rodica&#8220;][vc_column width=&#8220;1\/2&#8243;][\/vc_column][vc_column width=&#8220;1\/2&#8243;][vc_single_image image=&#8220;8459&#8243; img_size=&#8220;full&#8220; alignment=&#8220;right&#8220;","og_url":"https:\/\/www.leushko.sk\/de\/durch-die-augen-des-vaters\/","og_site_name":"Leushko","article_modified_time":"2023-01-28T20:40:10+00:00","twitter_card":"summary_large_image","twitter_misc":{"Gesch\u00e4tzte Lesezeit":"5 Minuten"},"schema":{"@context":"https:\/\/schema.org","@graph":[{"@type":"WebPage","@id":"https:\/\/www.leushko.sk\/de\/durch-die-augen-des-vaters\/","url":"https:\/\/www.leushko.sk\/de\/durch-die-augen-des-vaters\/","name":"Durch die Augen des Vaters - Leushko","isPartOf":{"@id":"https:\/\/www.leushko.sk\/#website"},"datePublished":"2022-08-16T09:26:50+00:00","dateModified":"2023-01-28T20:40:10+00:00","breadcrumb":{"@id":"https:\/\/www.leushko.sk\/de\/durch-die-augen-des-vaters\/#breadcrumb"},"inLanguage":"de-DE","potentialAction":[{"@type":"ReadAction","target":["https:\/\/www.leushko.sk\/de\/durch-die-augen-des-vaters\/"]}]},{"@type":"BreadcrumbList","@id":"https:\/\/www.leushko.sk\/de\/durch-die-augen-des-vaters\/#breadcrumb","itemListElement":[{"@type":"ListItem","position":1,"name":"Domovsk\u00e1 str\u00e1nka","item":"https:\/\/www.leushko.sk\/de\/"},{"@type":"ListItem","position":2,"name":"Durch die Augen des Vaters"}]},{"@type":"WebSite","@id":"https:\/\/www.leushko.sk\/#website","url":"https:\/\/www.leushko.sk\/","name":"Leushko","description":"Just another WordPress site","potentialAction":[{"@type":"SearchAction","target":{"@type":"EntryPoint","urlTemplate":"https:\/\/www.leushko.sk\/?s={search_term_string}"},"query-input":"required name=search_term_string"}],"inLanguage":"de-DE"}]}},"_links":{"self":[{"href":"https:\/\/www.leushko.sk\/de\/wp-json\/wp\/v2\/pages\/8725"}],"collection":[{"href":"https:\/\/www.leushko.sk\/de\/wp-json\/wp\/v2\/pages"}],"about":[{"href":"https:\/\/www.leushko.sk\/de\/wp-json\/wp\/v2\/types\/page"}],"author":[{"embeddable":true,"href":"https:\/\/www.leushko.sk\/de\/wp-json\/wp\/v2\/users\/1"}],"replies":[{"embeddable":true,"href":"https:\/\/www.leushko.sk\/de\/wp-json\/wp\/v2\/comments?post=8725"}],"version-history":[{"count":3,"href":"https:\/\/www.leushko.sk\/de\/wp-json\/wp\/v2\/pages\/8725\/revisions"}],"predecessor-version":[{"id":8843,"href":"https:\/\/www.leushko.sk\/de\/wp-json\/wp\/v2\/pages\/8725\/revisions\/8843"}],"wp:attachment":[{"href":"https:\/\/www.leushko.sk\/de\/wp-json\/wp\/v2\/media?parent=8725"}],"curies":[{"name":"wp","href":"https:\/\/api.w.org\/{rel}","templated":true}]}}