{"id":8692,"date":"2022-08-16T07:58:08","date_gmt":"2022-08-16T07:58:08","guid":{"rendered":"https:\/\/www.leushko.sk\/kontakt\/"},"modified":"2023-01-28T21:09:06","modified_gmt":"2023-01-28T21:09:06","slug":"kontakt","status":"publish","type":"page","link":"https:\/\/www.leushko.sk\/de\/kontakt\/","title":{"rendered":"Kontakt"},"content":{"rendered":"<section class=\"wpb-content-wrapper\"><p>[vc_row css=&#8220;.vc_custom_1660638819239{padding-top: 60px !important;padding-bottom: 80px !important;}&#8220; mobile_bg_img_hidden=&#8220;no&#8220; tablet_bg_img_hidden=&#8220;no&#8220; woodmart_parallax=&#8220;0&#8243; woodmart_gradient_switch=&#8220;no&#8220; row_reverse_mobile=&#8220;0&#8243; row_reverse_tablet=&#8220;0&#8243; woodmart_disable_overflow=&#8220;0&#8243;][vc_column]\t\t\t<div id=\"wd-63d58e700d376\" class=\"wd-text-block-wrapper wd-wpb wd-rs-63d58e700d376 color-scheme-custom text-center vc_custom_1674940021484 gluten-font\">\n\t\t\t\t<div class=\"woodmart-title-container woodmart-text-block reset-last-child font-primary wd-font-weight-300 \">\n\t\t\t\t\tB\u00fcrgerverein\t\t\t\t<\/div>\n\n\t\t\t\t\t\t\t<\/div>\n\t\t\t\t\t<div id=\"wd-63d58e78345ae\" class=\"wd-text-block-wrapper wd-wpb wd-rs-63d58e78345ae color-scheme-custom text-center wd-width-enabled vc_custom_1674940031958\" style=\"--wd-max-width: 30%;\">\n\t\t\t\t<div class=\"woodmart-title-container woodmart-text-block reset-last-child font-primary wd-font-weight-400 \">\n\t\t\t\t\tUnterst\u00fctzen Sie unseren B\u00fcrgerverein.\t\t\t\t<\/div>\n\n\t\t\t\t\t\t\t<\/div>\n\t\t[\/vc_column][\/vc_row][vc_row equal_height=&#8220;yes&#8220; css_animation=&#8220;none&#8220; css=&#8220;.vc_custom_1660638419919{padding-bottom: 120px !important;}&#8220; el_id=&#8220;contact&#8220; mobile_bg_img_hidden=&#8220;no&#8220; tablet_bg_img_hidden=&#8220;no&#8220; woodmart_parallax=&#8220;0&#8243; woodmart_gradient_switch=&#8220;no&#8220; row_reverse_mobile=&#8220;0&#8243; row_reverse_tablet=&#8220;0&#8243; woodmart_disable_overflow=&#8220;0&#8243;][vc_column offset=&#8220;vc_col-lg-6 vc_col-md-6&#8243; mobile_bg_img_hidden=&#8220;no&#8220; tablet_bg_img_hidden=&#8220;no&#8220; woodmart_parallax=&#8220;0&#8243; woodmart_sticky_column=&#8220;false&#8220; parallax_scroll=&#8220;no&#8220; mobile_reset_margin=&#8220;no&#8220; tablet_reset_margin=&#8220;no&#8220;]\n\t\t<div id=\"wd-63d58e8327849\" class=\"title-wrapper wd-wpb set-mb-s reset-last-child  wd-rs-63d58e8327849 wd-title-color-primary wd-title-style-bordered text-left gluten-font vc_custom_1674940039103 wd-underline-colored\">\n\t\t\t\n\t\t\t<div class=\"liner-continer\">\n\t\t\t\t<div class=\"woodmart-title-container title  wd-font-weight-400 wd-fontsize-l\" >Kontaktiere uns<\/div>\n\t\t\t\t\t\t\t<\/div>\n\t\t\t\n\t\t\t\n\t\t\t\n\t\t<\/div>\n\t\t\n\t\t<div class=\"wpcf7 no-js\" id=\"wpcf7-f8783-o1\" lang=\"de-DE\" dir=\"ltr\">\n<div class=\"screen-reader-response\"><p role=\"status\" aria-live=\"polite\" aria-atomic=\"true\"><\/p> <ul><\/ul><\/div>\n<form action=\"\/de\/wp-json\/wp\/v2\/pages\/8692#wpcf7-f8783-o1\" method=\"post\" class=\"wpcf7-form init\" aria-label=\"Kontaktformular\" novalidate=\"novalidate\" data-status=\"init\">\n<div style=\"display: none;\">\n<input type=\"hidden\" name=\"_wpcf7\" value=\"8783\" \/>\n<input type=\"hidden\" name=\"_wpcf7_version\" value=\"5.7.1\" \/>\n<input type=\"hidden\" name=\"_wpcf7_locale\" value=\"de_DE\" \/>\n<input type=\"hidden\" name=\"_wpcf7_unit_tag\" value=\"wpcf7-f8783-o1\" \/>\n<input type=\"hidden\" name=\"_wpcf7_container_post\" value=\"0\" \/>\n<input type=\"hidden\" name=\"_wpcf7_posted_data_hash\" value=\"\" \/>\n<\/div>\n<p><label>NAME<br \/>\n<span class=\"wpcf7-form-control-wrap\" data-name=\"your-name\"><input size=\"40\" class=\"wpcf7-form-control wpcf7-text wpcf7-validates-as-required\" aria-required=\"true\" aria-invalid=\"false\" value=\"\" type=\"text\" name=\"your-name\" \/><\/span> <\/label>\n<\/p>\n<div class=\"form-div\" style=\"display:flex;gap:30px; width:100%;\">\n\t<p><label style=\"width:100%\">TELEFONNUMMER<span class=\"wpcf7-form-control-wrap\" data-name=\"tel-number\"><input size=\"40\" class=\"wpcf7-form-control wpcf7-text wpcf7-tel wpcf7-validates-as-required wpcf7-validates-as-tel\" aria-required=\"true\" aria-invalid=\"false\" value=\"\" type=\"tel\" name=\"tel-number\" \/><\/span><\/label>\n\t<\/p>\n\t<p><label style=\"width:100%\">EMAIL<span class=\"wpcf7-form-control-wrap\" data-name=\"your-email\"><input size=\"40\" class=\"wpcf7-form-control wpcf7-text wpcf7-email wpcf7-validates-as-required wpcf7-validates-as-email\" aria-required=\"true\" aria-invalid=\"false\" value=\"\" type=\"email\" name=\"your-email\" \/><\/span> <\/label>\n\t<\/p>\n<\/div>\n<p><label>IHRE NACHRICHT<br \/>\n<span class=\"wpcf7-form-control-wrap\" data-name=\"your-message\"><textarea cols=\"40\" rows=\"10\" class=\"wpcf7-form-control wpcf7-textarea wpcf7-validates-as-required\" aria-required=\"true\" aria-invalid=\"false\" name=\"your-message\"><\/textarea><\/span> <\/label>\n<\/p>\n<div class=\"form-text\" style=\"display:flex;align-items:center; gap:32px\">\n\t<p><input class=\"wpcf7-form-control has-spinner wpcf7-submit\" type=\"submit\" value=\"Senden\" \/>\n\t<\/p>\n\t<p style=\"margin-bottom:0px;color:#878787;\">Wir verarbeiten Ihre personenbezogenen Daten, um Ihre Anfrage zu erf\u00fcllen.<br \/>\nWeitere Informationen finden Sie im <a class=\"privacy-policy-contact\" href=\"https:\/\/www.leushko.sk\/de\/grundsatze-des-datenschutzes\/\" style=\"text-decoration:underline;color:#1033AC;\">Abschnitt Datenschutz.<\/a>\n\t<\/p>\n<\/div><div class=\"wpcf7-response-output\" aria-hidden=\"true\"><\/div><\/form><\/div>[\/vc_column][vc_column offset=&#8220;vc_col-lg-6 vc_col-md-6&#8243; mobile_bg_img_hidden=&#8220;no&#8220; tablet_bg_img_hidden=&#8220;no&#8220; woodmart_parallax=&#8220;0&#8243; woodmart_sticky_column=&#8220;false&#8220; parallax_scroll=&#8220;no&#8220; mobile_reset_margin=&#8220;no&#8220; tablet_reset_margin=&#8220;no&#8220;]\n\t\t<div id=\"wd-63d58e8f0d2f5\" class=\"title-wrapper wd-wpb set-mb-s reset-last-child  wd-rs-63d58e8f0d2f5 wd-title-color-primary wd-title-style-bordered text-left gluten-font vc_custom_1674940048237 wd-underline-colored\">\n\t\t\t\n\t\t\t<div class=\"liner-continer\">\n\t\t\t\t<div class=\"woodmart-title-container title  wd-font-weight-400 wd-fontsize-l\" >Kontakt Informationen<\/div>\n\t\t\t\t\t\t\t<\/div>\n\t\t\t\n\t\t\t\n\t\t\t\n\t\t<\/div>\n\t\t\n\t\t[vc_row_inner css=&#8220;.vc_custom_1660638011746{margin-bottom: 68px !important;}&#8220; row_reverse_mobile=&#8220;0&#8243; row_reverse_tablet=&#8220;0&#8243;][vc_column_inner width=&#8220;1\/2&#8243;]\n\t\t<div id=\"wd-63d58e927add8\" class=\"title-wrapper wd-wpb set-mb-s reset-last-child  wd-rs-63d58e927add8 wd-title-color-default wd-title-style-default text-left vc_custom_1674940060112 wd-underline-colored\">\n\t\t\t\n\t\t\t<div class=\"liner-continer\">\n\t\t\t\t<h4 class=\"woodmart-title-container title  wd-font-weight-700 wd-fontsize-l\" >TELEFON<\/h4>\n\t\t\t\t\t\t\t<\/div>\n\t\t\t\n\t\t\t\n\t\t\t\n\t\t<\/div>\n\t\t\n\t\t\t\t\t<div id=\"wd-6356bf45ac020\" class=\"wd-text-block-wrapper wd-wpb wd-rs-6356bf45ac020 color-scheme-custom text-left vc_custom_1666629454868\">\n\t\t\t\t<div class=\"woodmart-title-container woodmart-text-block reset-last-child font-primary wd-font-weight-400 \">\n\t\t\t\t\t<a href=\"tel:+ 421 908 304 978\">+ 421 908 304 978<\/a>\t\t\t\t<\/div>\n\n\t\t\t\t\t\t\t<\/div>\n\t\t[\/vc_column_inner][vc_column_inner width=&#8220;1\/2&#8243;]\n\t\t<div id=\"wd-63d58e9ec61b2\" class=\"title-wrapper wd-wpb set-mb-s reset-last-child  wd-rs-63d58e9ec61b2 wd-title-color-default wd-title-style-default text-left vc_custom_1674940065968 wd-underline-colored\">\n\t\t\t\n\t\t\t<div class=\"liner-continer\">\n\t\t\t\t<h4 class=\"woodmart-title-container title  wd-font-weight-700 wd-fontsize-l\" >EMAIL<\/h4>\n\t\t\t\t\t\t\t<\/div>\n\t\t\t\n\t\t\t\n\t\t\t\n\t\t<\/div>\n\t\t\n\t\t\t\t\t<div id=\"wd-635933b62168e\" class=\"wd-text-block-wrapper wd-wpb wd-rs-635933b62168e color-scheme-custom text-left vc_custom_1666790334729\">\n\t\t\t\t<div class=\"woodmart-title-container woodmart-text-block reset-last-child font-primary wd-font-weight-400 \">\n\t\t\t\t\t<a href=\"mailto:info@leushko.sk\">info@leushko.sk<\/a>\t\t\t\t<\/div>\n\n\t\t\t\t\t\t\t<\/div>\n\t\t[\/vc_column_inner][\/vc_row_inner]\n\t\t<div id=\"wd-63d58ea830d45\" class=\"title-wrapper wd-wpb set-mb-s reset-last-child  wd-rs-63d58ea830d45 wd-title-color-primary wd-title-style-bordered text-left gluten-font vc_custom_1674940073564 wd-underline-colored\">\n\t\t\t\n\t\t\t<div class=\"liner-continer\">\n\t\t\t\t<div class=\"woodmart-title-container title  wd-font-weight-400 wd-fontsize-l\" >Konto, um Hilfe zu leisten<\/div>\n\t\t\t\t\t\t\t<\/div>\n\t\t\t\n\t\t\t\n\t\t\t\n\t\t<\/div>\n\t\t\n\t\t\t\t\t<div class=\"info-box-wrapper\">\n\t\t\t\t<div id=\"wd-63d58eb750373\" class=\" wd-rs-63d58eb750373 wd-info-box wd-wpb text-left box-icon-align-left box-style- color-scheme- wd-bg-none wd-items-top \"  >\n\t\t\t\t\t\t\t\t\t\t<div class=\"info-box-content\">\n\t\t\t\t\t\t<h4 class=\"info-box-title title wd-font-weight-700 box-title-style-default font-text wd-fontsize-m\">VUB-GESCH\u00c4FTSKONTO:<\/h4>\t\t\t\t\t\t<div class=\"info-box-inner set-cont-mb-s reset-last-child\">\n\t\t\t\t\t\t\t<\/p>\n<div>\n<div dir=\"auto\">SK65 0200 0000 0046 7086 6258<\/div>\n<\/div>\n<p>\n\t\t\t\t\t\t<\/div>\n\n\t\t\t\t\t\t\t\t\t\t\t<\/div>\n\n\t\t\t\t\t<style><\/style>\t\t\t\t<\/div>\n\t\t\t<\/div>\n\t\t\t\t\t<div class=\"info-box-wrapper\">\n\t\t\t\t<div id=\"wd-63d58ec073a03\" class=\" wd-rs-63d58ec073a03 wd-info-box wd-wpb text-left box-icon-align-left box-style- color-scheme- wd-bg-none wd-items-top \"  >\n\t\t\t\t\t\t\t\t\t\t<div class=\"info-box-content\">\n\t\t\t\t\t\t<h4 class=\"info-box-title title wd-font-weight-700 box-title-style-default font-text wd-fontsize-m\">TRANSPARENTES KONTO:<\/h4>\t\t\t\t\t\t<div class=\"info-box-inner set-cont-mb-s reset-last-child\">\n\t\t\t\t\t\t\t<\/p>\n<div>\n<div dir=\"auto\">\n<div>\n<div dir=\"auto\">SK25 0200 0000 0046 7086 4359<\/div>\n<\/div>\n<\/div>\n<\/div>\n<p>\n\t\t\t\t\t\t<\/div>\n\n\t\t\t\t\t\t\t\t\t\t\t<\/div>\n\n\t\t\t\t\t<style><\/style>\t\t\t\t<\/div>\n\t\t\t<\/div>\n\t\t[\/vc_column][\/vc_row][vc_row woodmart_css_id=&#8220;6103ed6e1a900&#8243; responsive_spacing=&#8220;eyJwYXJhbV90eXBlIjoid29vZG1hcnRfcmVzcG9uc2l2ZV9zcGFjaW5nIiwic2VsZWN0b3JfaWQiOiI2MTAzZWQ2ZTFhOTAwIiwic2hvcnRjb2RlIjoidmNfcm93IiwiZGF0YSI6eyJ0YWJsZXQiOnsibWFyZ2luLWJvdHRvbSI6IjYwIn0sIm1vYmlsZSI6eyJtYXJnaW4tYm90dG9tIjoiNDAifX19&#8243; mobile_bg_img_hidden=&#8220;no&#8220; tablet_bg_img_hidden=&#8220;no&#8220; woodmart_parallax=&#8220;0&#8243; woodmart_gradient_switch=&#8220;no&#8220; row_reverse_mobile=&#8220;0&#8243; row_reverse_tablet=&#8220;0&#8243; woodmart_disable_overflow=&#8220;0&#8243; css=&#8220;.vc_custom_1660638524414{margin-bottom: 96px !important;background-position: center !important;background-repeat: no-repeat !important;background-size: cover !important;}&#8220; el_id=&#8220;podporte-nas&#8220;][vc_column offset=&#8220;vc_col-lg-offset-1 vc_col-lg-10 vc_col-md-offset-1 vc_col-md-10 vc_col-sm-offset-0 vc_col-xs-12&#8243; mobile_bg_img_hidden=&#8220;no&#8220; tablet_bg_img_hidden=&#8220;no&#8220; woodmart_parallax=&#8220;0&#8243; woodmart_sticky_column=&#8220;false&#8220; parallax_scroll=&#8220;no&#8220; mobile_reset_margin=&#8220;no&#8220; tablet_reset_margin=&#8220;no&#8220; css=&#8220;.vc_custom_1660573407063{background-image: url(https:\/\/www.leushko.sk\/wp-content\/uploads\/2022\/08\/gradient-banner.svg?id=8346) !important;background-position: center !important;background-repeat: no-repeat !important;background-size: cover !important;}&#8220; el_id=&#8220;gradient-slovnik&#8220;][vc_row_inner row_reverse_mobile=&#8220;0&#8243; row_reverse_tablet=&#8220;0&#8243;][vc_column_inner css=&#8220;.vc_custom_1666791792092{padding-top: 32px !important;padding-bottom: 32px !important;padding-left: 32px !important;}&#8220; offset=&#8220;vc_col-lg-6 vc_col-md-6 vc_col-xs-12&#8243;]\t\t\t<div id=\"wd-63d58ecc3201f\" class=\"wd-text-block-wrapper wd-wpb wd-rs-63d58ecc3201f color-scheme-light text-left vc_custom_1674940112310\">\n\t\t\t\t<div class=\"woodmart-title-container woodmart-text-block reset-last-child font-primary wd-font-weight-400 \">\n\t\t\t\t\tUNTERST\u00dcTZE UNS\t\t\t\t<\/div>\n\n\t\t\t\t\t\t\t<\/div>\n\t\t\t\t\t<div id=\"wd-63d58ed27b872\" class=\"wd-text-block-wrapper wd-wpb wd-rs-63d58ed27b872 color-scheme-light text-left vc_custom_1674940123146 gluten-font\">\n\t\t\t\t<div class=\"woodmart-title-container woodmart-text-block reset-last-child font-primary wd-font-weight-400 wd-fontsize-xl\">\n\t\t\t\t\t2% oder \u013dudia \u013eu\u010fom\t\t\t\t<\/div>\n\n\t\t\t\t\t\t\t<\/div>\n\t\t\t\t\t<div id=\"wd-63d58edd7e64d\" class=\"wd-text-block-wrapper wd-wpb wd-rs-63d58edd7e64d color-scheme-light text-left wd-width-enabled vc_custom_1674940129053\" style=\"--wd-max-width: 80%;\">\n\t\t\t\t<div class=\"woodmart-title-container woodmart-text-block reset-last-child font-primary wd-font-weight-400 \">\n\t\t\t\t\tIm Laufe der Zeit haben wir viele Informationen dar\u00fcber gesammelt, wo Sie Hilfe und Experten finden k\u00f6nnen.\t\t\t\t<\/div>\n\n\t\t\t\t\t\t\t<\/div>\n\t\t<div id=\"wd-63d58ee321d8d\" class=\" wd-rs-63d58ee321d8d  wd-button-wrapper text-center inline-element\"><a href=\"https:\/\/www.leushko.sk\/de\/spende\/\" title=\"Spende 2%\" class=\"btn btn-color-white btn-style-default btn-style-round btn-size-default\">Spende 2%<\/a><\/div>[\/vc_column_inner][vc_column_inner offset=&#8220;vc_col-lg-6 vc_col-md-6 vc_col-xs-12&#8243;][vc_single_image image=&#8220;8653&#8243; img_size=&#8220;full&#8220; alignment=&#8220;right&#8220; woodmart_inline=&#8220;no&#8220; parallax_scroll=&#8220;no&#8220;][\/vc_column_inner][\/vc_row_inner][\/vc_column][\/vc_row]<\/p>\n<\/section>","protected":false},"excerpt":{"rendered":"<p>[vc_row css=&#8220;.vc_custom_1660638819239{padding-top: 60px !important;padding-bottom: 80px !important;}&#8220; mobile_bg_img_hidden=&#8220;no&#8220; tablet_bg_img_hidden=&#8220;no&#8220; woodmart_parallax=&#8220;0&#8243; woodmart_gradient_switch=&#8220;no&#8220; row_reverse_mobile=&#8220;0&#8243; row_reverse_tablet=&#8220;0&#8243; woodmart_disable_overflow=&#8220;0&#8243;][vc_column][\/vc_column][\/vc_row][vc_row equal_height=&#8220;yes&#8220; css_animation=&#8220;none&#8220; css=&#8220;.vc_custom_1660638419919{padding-bottom: 120px !important;}&#8220; el_id=&#8220;contact&#8220; mobile_bg_img_hidden=&#8220;no&#8220;<\/p>\n","protected":false},"author":1,"featured_media":0,"parent":0,"menu_order":0,"comment_status":"closed","ping_status":"closed","template":"","meta":[],"yoast_head":"<!-- This site is optimized with the Yoast SEO plugin v19.13 - https:\/\/yoast.com\/wordpress\/plugins\/seo\/ -->\n<title>Kontakt - Leushko<\/title>\n<meta name=\"robots\" content=\"index, follow, max-snippet:-1, max-image-preview:large, max-video-preview:-1\" \/>\n<link rel=\"canonical\" href=\"https:\/\/www.leushko.sk\/de\/kontakt\/\" \/>\n<meta property=\"og:locale\" content=\"de_DE\" \/>\n<meta property=\"og:type\" content=\"article\" \/>\n<meta property=\"og:title\" content=\"Kontakt - Leushko\" \/>\n<meta property=\"og:description\" content=\"[vc_row css=&#8220;.vc_custom_1660638819239{padding-top: 60px !important;padding-bottom: 80px !important;}&#8220; mobile_bg_img_hidden=&#8220;no&#8220; tablet_bg_img_hidden=&#8220;no&#8220; woodmart_parallax=&#8220;0&#8243; woodmart_gradient_switch=&#8220;no&#8220; row_reverse_mobile=&#8220;0&#8243; row_reverse_tablet=&#8220;0&#8243; woodmart_disable_overflow=&#8220;0&#8243;][vc_column][\/vc_column][\/vc_row][vc_row equal_height=&#8220;yes&#8220; css_animation=&#8220;none&#8220; css=&#8220;.vc_custom_1660638419919{padding-bottom: 120px !important;}&#8220; el_id=&#8220;contact&#8220; mobile_bg_img_hidden=&#8220;no&#8220;\" \/>\n<meta property=\"og:url\" content=\"https:\/\/www.leushko.sk\/de\/kontakt\/\" \/>\n<meta property=\"og:site_name\" content=\"Leushko\" \/>\n<meta property=\"article:modified_time\" content=\"2023-01-28T21:09:06+00:00\" \/>\n<meta name=\"twitter:card\" content=\"summary_large_image\" \/>\n<meta name=\"twitter:label1\" content=\"Gesch\u00e4tzte Lesezeit\" \/>\n\t<meta name=\"twitter:data1\" content=\"2 Minuten\" \/>\n<script type=\"application\/ld+json\" class=\"yoast-schema-graph\">{\"@context\":\"https:\/\/schema.org\",\"@graph\":[{\"@type\":\"WebPage\",\"@id\":\"https:\/\/www.leushko.sk\/de\/kontakt\/\",\"url\":\"https:\/\/www.leushko.sk\/de\/kontakt\/\",\"name\":\"Kontakt - Leushko\",\"isPartOf\":{\"@id\":\"https:\/\/www.leushko.sk\/#website\"},\"datePublished\":\"2022-08-16T07:58:08+00:00\",\"dateModified\":\"2023-01-28T21:09:06+00:00\",\"breadcrumb\":{\"@id\":\"https:\/\/www.leushko.sk\/de\/kontakt\/#breadcrumb\"},\"inLanguage\":\"de-DE\",\"potentialAction\":[{\"@type\":\"ReadAction\",\"target\":[\"https:\/\/www.leushko.sk\/de\/kontakt\/\"]}]},{\"@type\":\"BreadcrumbList\",\"@id\":\"https:\/\/www.leushko.sk\/de\/kontakt\/#breadcrumb\",\"itemListElement\":[{\"@type\":\"ListItem\",\"position\":1,\"name\":\"Domovsk\u00e1 str\u00e1nka\",\"item\":\"https:\/\/www.leushko.sk\/de\/\"},{\"@type\":\"ListItem\",\"position\":2,\"name\":\"Kontakt\"}]},{\"@type\":\"WebSite\",\"@id\":\"https:\/\/www.leushko.sk\/#website\",\"url\":\"https:\/\/www.leushko.sk\/\",\"name\":\"Leushko\",\"description\":\"Just another WordPress site\",\"potentialAction\":[{\"@type\":\"SearchAction\",\"target\":{\"@type\":\"EntryPoint\",\"urlTemplate\":\"https:\/\/www.leushko.sk\/?s={search_term_string}\"},\"query-input\":\"required name=search_term_string\"}],\"inLanguage\":\"de-DE\"}]}<\/script>\n<!-- \/ Yoast SEO plugin. -->","yoast_head_json":{"title":"Kontakt - Leushko","robots":{"index":"index","follow":"follow","max-snippet":"max-snippet:-1","max-image-preview":"max-image-preview:large","max-video-preview":"max-video-preview:-1"},"canonical":"https:\/\/www.leushko.sk\/de\/kontakt\/","og_locale":"de_DE","og_type":"article","og_title":"Kontakt - Leushko","og_description":"[vc_row css=&#8220;.vc_custom_1660638819239{padding-top: 60px !important;padding-bottom: 80px !important;}&#8220; mobile_bg_img_hidden=&#8220;no&#8220; tablet_bg_img_hidden=&#8220;no&#8220; woodmart_parallax=&#8220;0&#8243; woodmart_gradient_switch=&#8220;no&#8220; row_reverse_mobile=&#8220;0&#8243; row_reverse_tablet=&#8220;0&#8243; woodmart_disable_overflow=&#8220;0&#8243;][vc_column][\/vc_column][\/vc_row][vc_row equal_height=&#8220;yes&#8220; css_animation=&#8220;none&#8220; css=&#8220;.vc_custom_1660638419919{padding-bottom: 120px !important;}&#8220; el_id=&#8220;contact&#8220; mobile_bg_img_hidden=&#8220;no&#8220;","og_url":"https:\/\/www.leushko.sk\/de\/kontakt\/","og_site_name":"Leushko","article_modified_time":"2023-01-28T21:09:06+00:00","twitter_card":"summary_large_image","twitter_misc":{"Gesch\u00e4tzte Lesezeit":"2 Minuten"},"schema":{"@context":"https:\/\/schema.org","@graph":[{"@type":"WebPage","@id":"https:\/\/www.leushko.sk\/de\/kontakt\/","url":"https:\/\/www.leushko.sk\/de\/kontakt\/","name":"Kontakt - Leushko","isPartOf":{"@id":"https:\/\/www.leushko.sk\/#website"},"datePublished":"2022-08-16T07:58:08+00:00","dateModified":"2023-01-28T21:09:06+00:00","breadcrumb":{"@id":"https:\/\/www.leushko.sk\/de\/kontakt\/#breadcrumb"},"inLanguage":"de-DE","potentialAction":[{"@type":"ReadAction","target":["https:\/\/www.leushko.sk\/de\/kontakt\/"]}]},{"@type":"BreadcrumbList","@id":"https:\/\/www.leushko.sk\/de\/kontakt\/#breadcrumb","itemListElement":[{"@type":"ListItem","position":1,"name":"Domovsk\u00e1 str\u00e1nka","item":"https:\/\/www.leushko.sk\/de\/"},{"@type":"ListItem","position":2,"name":"Kontakt"}]},{"@type":"WebSite","@id":"https:\/\/www.leushko.sk\/#website","url":"https:\/\/www.leushko.sk\/","name":"Leushko","description":"Just another WordPress site","potentialAction":[{"@type":"SearchAction","target":{"@type":"EntryPoint","urlTemplate":"https:\/\/www.leushko.sk\/?s={search_term_string}"},"query-input":"required name=search_term_string"}],"inLanguage":"de-DE"}]}},"_links":{"self":[{"href":"https:\/\/www.leushko.sk\/de\/wp-json\/wp\/v2\/pages\/8692"}],"collection":[{"href":"https:\/\/www.leushko.sk\/de\/wp-json\/wp\/v2\/pages"}],"about":[{"href":"https:\/\/www.leushko.sk\/de\/wp-json\/wp\/v2\/types\/page"}],"author":[{"embeddable":true,"href":"https:\/\/www.leushko.sk\/de\/wp-json\/wp\/v2\/users\/1"}],"replies":[{"embeddable":true,"href":"https:\/\/www.leushko.sk\/de\/wp-json\/wp\/v2\/comments?post=8692"}],"version-history":[{"count":2,"href":"https:\/\/www.leushko.sk\/de\/wp-json\/wp\/v2\/pages\/8692\/revisions"}],"predecessor-version":[{"id":8852,"href":"https:\/\/www.leushko.sk\/de\/wp-json\/wp\/v2\/pages\/8692\/revisions\/8852"}],"wp:attachment":[{"href":"https:\/\/www.leushko.sk\/de\/wp-json\/wp\/v2\/media?parent=8692"}],"curies":[{"name":"wp","href":"https:\/\/api.w.org\/{rel}","templated":true}]}}